

{"id":1388,"date":"2024-07-31T19:57:25","date_gmt":"2024-07-31T23:57:25","guid":{"rendered":"https:\/\/dev.drlechner.ca\/dr-lechner\/"},"modified":"2024-10-07T21:19:29","modified_gmt":"2024-10-08T01:19:29","slug":"dr-lechner","status":"publish","type":"page","link":"https:\/\/dev.drlechner.ca\/en\/dr-lechner\/","title":{"rendered":"Dr Lechner"},"content":{"rendered":"\t\t<div data-elementor-type=\"wp-post\" data-elementor-id=\"1388\" class=\"elementor elementor-1388 elementor-846\" data-elementor-post-type=\"page\">\n\t\t\t\t<div class=\"elementor-element elementor-element-c6775b5 e-con-full e-flex e-con e-parent\" data-id=\"c6775b5\" data-element_type=\"container\">\n\t\t<div class=\"elementor-element elementor-element-a7aba8b e-con-full e-flex e-con e-child\" data-id=\"a7aba8b\" data-element_type=\"container\">\n\t\t\t\t<div class=\"elementor-element elementor-element-f4565b6 elementor-widget elementor-widget-heading\" data-id=\"f4565b6\" data-element_type=\"widget\" id=\"approche\" data-widget_type=\"heading.default\">\n\t\t\t\t<div class=\"elementor-widget-container\">\n\t\t\t<h1 class=\"elementor-heading-title elementor-size-default\">Dr Fran\u00e7ois Lechner<\/h1>\t\t<\/div>\n\t\t\t\t<\/div>\n\t\t<div class=\"elementor-element elementor-element-f9b0b2a e-con-full e-flex e-con e-child\" data-id=\"f9b0b2a\" data-element_type=\"container\">\n\t\t\t\t<div class=\"elementor-element elementor-element-6718254 elementor-widget__width-initial elementor-widget elementor-widget-text-editor\" data-id=\"6718254\" data-element_type=\"widget\" data-widget_type=\"text-editor.default\">\n\t\t\t\t<div class=\"elementor-widget-container\">\n\t\t\t\t\t\t\t<p>Dr. Lechner, founder of PRISMA DENTISTES, is a pioneer in the field of dental aesthetics with over 30 years&#8217; experience in dentistry. His expertise extends far beyond general dental care, as he has developed a particular passion for sleep disorders and neuromuscular dentistry.<\/p>\t\t\t\t\t\t<\/div>\n\t\t\t\t<\/div>\n\t\t\t\t<div class=\"elementor-element elementor-element-7317df3 elementor-widget elementor-widget-image\" data-id=\"7317df3\" data-element_type=\"widget\" data-widget_type=\"image.default\">\n\t\t\t\t<div class=\"elementor-widget-container\">\n\t\t\t\t\t\t\t\t\t\t\t\t\t<img fetchpriority=\"high\" decoding=\"async\" width=\"313\" height=\"315\" src=\"https:\/\/dev.drlechner.ca\/wp-content\/uploads\/2024\/06\/dr-lechner.jpg\" class=\"attachment-large size-large wp-image-248\" alt=\"Dr Lechner\" srcset=\"https:\/\/dev.drlechner.ca\/wp-content\/uploads\/2024\/06\/dr-lechner.jpg 313w, https:\/\/dev.drlechner.ca\/wp-content\/uploads\/2024\/06\/dr-lechner-298x300.jpg 298w, https:\/\/dev.drlechner.ca\/wp-content\/uploads\/2024\/06\/dr-lechner-150x150.jpg 150w\" sizes=\"(max-width: 313px) 100vw, 313px\" \/>\t\t\t\t\t\t\t\t\t\t\t\t\t<\/div>\n\t\t\t\t<\/div>\n\t\t\t\t<\/div>\n\t\t\t\t<div class=\"elementor-element elementor-element-b85e79f elementor-widget elementor-widget-text-editor\" data-id=\"b85e79f\" data-element_type=\"widget\" data-widget_type=\"text-editor.default\">\n\t\t\t\t<div class=\"elementor-widget-container\">\n\t\t\t\t\t\t\t<p>Dr. Lechner has earned a reputation for excellence thanks to his holistic approach to dentistry, integrating oral health with the patient&#8217;s overall well-being. He has devoted a significant part of his career to the study of the complex relationships between temporomandibular joints, occlusion and posture, helping to transform the way aesthetic dental treatments are designed and applied.<\/p><p>\u00a0<\/p><p>A graduate of the Universit\u00e9 de Montr\u00e9al, Dr. Lechner is on a perpetual quest for knowledge, constantly enriching his expertise through continuing education and international conferences. His intellectual curiosity and commitment to innovation have led him to integrate cutting-edge technologies and avant-garde methods into his practice.<\/p><p>\u00a0<\/p><p>PRISMA DENTISTES is renowned for its aesthetic services, which include tooth whitening, porcelain veneers and smile rehabilitation. Dr. Lechner and his team offer personalized consultations to design smiles that not only improve appearance but also increase patients&#8217; confidence and well-being.<\/p><p>\u00a0<\/p><p>Committed to his professional community, Dr. Lechner is an active member of several prestigious associations such as the Ordre des dentistes du Qu\u00e9bec, the Association des chirurgiens dentistes du Qu\u00e9bec, the American Academy for Sports Dentistry, and the American Academy of Dental Sleep Medicine. His involvement in these organizations testifies to his dedication to excellence and ethics in dentistry.<\/p><p>\u00a0<\/p><p>With a passion for aesthetics and a deep understanding of dental science, Dr. Lechner continues to inspire and educate his colleagues, sharing his expertise and unique vision to transform the future of cosmetic dentistry.<\/p>\t\t\t\t\t\t<\/div>\n\t\t\t\t<\/div>\n\t\t\t\t<\/div>\n\t\t<div class=\"elementor-element elementor-element-a7b9804 e-con-full e-flex e-con e-child\" data-id=\"a7b9804\" data-element_type=\"container\" data-settings=\"{&quot;sticky&quot;:&quot;top&quot;,&quot;sticky_parent&quot;:&quot;yes&quot;,&quot;sticky_on&quot;:[&quot;desktop&quot;,&quot;tablet_extra&quot;,&quot;tablet&quot;,&quot;mobile&quot;],&quot;sticky_offset&quot;:0,&quot;sticky_effects_offset&quot;:0}\">\n\t\t<div class=\"elementor-element elementor-element-7802d9c e-con-full e-flex e-con e-child\" data-id=\"7802d9c\" data-element_type=\"container\" data-settings=\"{&quot;background_background&quot;:&quot;classic&quot;}\">\n\t\t\t\t<div class=\"elementor-element elementor-element-bd931fa elementor-widget elementor-widget-heading\" data-id=\"bd931fa\" data-element_type=\"widget\" data-widget_type=\"heading.default\">\n\t\t\t\t<div class=\"elementor-widget-container\">\n\t\t\t<h4 class=\"elementor-heading-title elementor-size-default\">TEST&nbsp;YOUR FUTURE&nbsp;SMILE\n<br>IN 2 SIMULATION<br>VISITS<\/h4>\t\t<\/div>\n\t\t\t\t<\/div>\n\t\t\t\t<div class=\"elementor-element elementor-element-665a73a elementor-widget elementor-widget-heading\" data-id=\"665a73a\" data-element_type=\"widget\" data-widget_type=\"heading.default\">\n\t\t\t\t<div class=\"elementor-widget-container\">\n\t\t\t<div class=\"elementor-heading-title elementor-size-default\">Online promotion<\/div>\t\t<\/div>\n\t\t\t\t<\/div>\n\t\t\t\t<div class=\"elementor-element elementor-element-5ceb012 elementor-widget elementor-widget-heading\" data-id=\"5ceb012\" data-element_type=\"widget\" data-widget_type=\"heading.default\">\n\t\t\t\t<div class=\"elementor-widget-container\">\n\t\t\t<span class=\"elementor-heading-title elementor-size-default\">For only<\/span>\t\t<\/div>\n\t\t\t\t<\/div>\n\t\t\t\t<div class=\"elementor-element elementor-element-abd25b7 elementor-widget elementor-widget-heading\" data-id=\"abd25b7\" data-element_type=\"widget\" data-widget_type=\"heading.default\">\n\t\t\t\t<div class=\"elementor-widget-container\">\n\t\t\t<span class=\"elementor-heading-title elementor-size-default\">$750<\/span>\t\t<\/div>\n\t\t\t\t<\/div>\n\t\t\t\t<div class=\"elementor-element elementor-element-284de37 elementor-align-center elementor-widget elementor-widget-button\" data-id=\"284de37\" data-element_type=\"widget\" data-widget_type=\"button.default\">\n\t\t\t\t<div class=\"elementor-widget-container\">\n\t\t\t\t\t<div class=\"elementor-button-wrapper\">\n\t\t\t<a class=\"elementor-button elementor-button-link elementor-size-sm\" href=\"\/en\/appointment\/\">\n\t\t\t\t\t\t<span class=\"elementor-button-content-wrapper\">\n\t\t\t\t\t\t\t\t\t<span class=\"elementor-button-text\">Make an appointment<\/span>\n\t\t\t\t\t<\/span>\n\t\t\t\t\t<\/a>\n\t\t<\/div>\n\t\t\t\t<\/div>\n\t\t\t\t<\/div>\n\t\t\t\t<\/div>\n\t\t<div class=\"elementor-element elementor-element-418c7e6 e-con-full e-flex e-con e-child\" data-id=\"418c7e6\" data-element_type=\"container\" data-settings=\"{&quot;background_background&quot;:&quot;classic&quot;}\">\n\t\t\t\t<div class=\"elementor-element elementor-element-62e5da8 elementor-widget elementor-widget-heading\" data-id=\"62e5da8\" data-element_type=\"widget\" data-widget_type=\"heading.default\">\n\t\t\t\t<div class=\"elementor-widget-container\">\n\t\t\t<h4 class=\"elementor-heading-title elementor-size-default\">Cases - Before &amp; after<\/h4>\t\t<\/div>\n\t\t\t\t<\/div>\n\t\t\t\t<div class=\"elementor-element elementor-element-2efd730 elementor-widget elementor-widget-image\" data-id=\"2efd730\" data-element_type=\"widget\" data-widget_type=\"image.default\">\n\t\t\t\t<div class=\"elementor-widget-container\">\n\t\t\t\t\t\t\t\t\t\t\t\t\t\t<a href=\"\/en\/cases\/\">\n\t\t\t\t\t\t\t<img decoding=\"async\" width=\"600\" height=\"368\" src=\"https:\/\/dev.drlechner.ca\/wp-content\/uploads\/2024\/07\/blanchiement.jpg\" class=\"attachment-full size-full wp-image-864\" alt=\"\" srcset=\"https:\/\/dev.drlechner.ca\/wp-content\/uploads\/2024\/07\/blanchiement.jpg 600w, https:\/\/dev.drlechner.ca\/wp-content\/uploads\/2024\/07\/blanchiement-300x184.jpg 300w\" sizes=\"(max-width: 600px) 100vw, 600px\" \/>\t\t\t\t\t\t\t\t<\/a>\n\t\t\t\t\t\t\t\t\t\t\t\t\t<\/div>\n\t\t\t\t<\/div>\n\t\t\t\t<div class=\"elementor-element elementor-element-265ece9 elementor-widget elementor-widget-heading\" data-id=\"265ece9\" data-element_type=\"widget\" data-widget_type=\"heading.default\">\n\t\t\t\t<div class=\"elementor-widget-container\">\n\t\t\t<p class=\"elementor-heading-title elementor-size-default\"><a href=\"\/en\/cases\/\">View our 20 \"Before\/After\"<br> clinical cases<\/a><\/p>\t\t<\/div>\n\t\t\t\t<\/div>\n\t\t\t\t<\/div>\n\t\t<div class=\"elementor-element elementor-element-7844255 e-con-full e-flex e-con e-child\" data-id=\"7844255\" data-element_type=\"container\" data-settings=\"{&quot;background_background&quot;:&quot;classic&quot;}\">\n\t\t\t\t<div class=\"elementor-element elementor-element-9873761 elementor-widget elementor-widget-heading\" data-id=\"9873761\" data-element_type=\"widget\" data-widget_type=\"heading.default\">\n\t\t\t\t<div class=\"elementor-widget-container\">\n\t\t\t<h4 class=\"elementor-heading-title elementor-size-default\">information kits<\/h4>\t\t<\/div>\n\t\t\t\t<\/div>\n\t\t\t\t<div class=\"elementor-element elementor-element-886a25b elementor-widget elementor-widget-image\" data-id=\"886a25b\" data-element_type=\"widget\" data-widget_type=\"image.default\">\n\t\t\t\t<div class=\"elementor-widget-container\">\n\t\t\t\t\t\t\t\t\t\t\t\t\t\t<a href=\"\/en\/kits\/\">\n\t\t\t\t\t\t\t<img decoding=\"async\" width=\"500\" height=\"594\" src=\"https:\/\/dev.drlechner.ca\/wp-content\/uploads\/2024\/06\/covers.jpg\" class=\"attachment-full size-full wp-image-518\" alt=\"\" srcset=\"https:\/\/dev.drlechner.ca\/wp-content\/uploads\/2024\/06\/covers.jpg 500w, https:\/\/dev.drlechner.ca\/wp-content\/uploads\/2024\/06\/covers-253x300.jpg 253w\" sizes=\"(max-width: 500px) 100vw, 500px\" \/>\t\t\t\t\t\t\t\t<\/a>\n\t\t\t\t\t\t\t\t\t\t\t\t\t<\/div>\n\t\t\t\t<\/div>\n\t\t\t\t<div class=\"elementor-element elementor-element-e94831c elementor-widget elementor-widget-heading\" data-id=\"e94831c\" data-element_type=\"widget\" data-widget_type=\"heading.default\">\n\t\t\t\t<div class=\"elementor-widget-container\">\n\t\t\t<div class=\"elementor-heading-title elementor-size-default\"><a href=\"\/en\/kits\/\">DENTAL AESTHETICS KIT<br>\nINVISALIGN\u00ae KIT<br>\nIMPLANT KIT<br>\nTEETH WHITENING KIT<\/a><\/div>\t\t<\/div>\n\t\t\t\t<\/div>\n\t\t\t\t<div class=\"elementor-element elementor-element-e2fa517 elementor-widget elementor-widget-heading\" data-id=\"e2fa517\" data-element_type=\"widget\" data-widget_type=\"heading.default\">\n\t\t\t\t<div class=\"elementor-widget-container\">\n\t\t\t<div class=\"elementor-heading-title elementor-size-default\"><a href=\"\/en\/kits\/\">Download our information kits<\/a><\/div>\t\t<\/div>\n\t\t\t\t<\/div>\n\t\t\t\t<\/div>\n\t\t<div class=\"elementor-element elementor-element-3b39c1c e-con-full e-flex e-con e-child\" data-id=\"3b39c1c\" data-element_type=\"container\" data-settings=\"{&quot;background_background&quot;:&quot;classic&quot;}\">\n\t\t\t\t<div class=\"elementor-element elementor-element-188b908 elementor-widget elementor-widget-heading\" data-id=\"188b908\" data-element_type=\"widget\" data-widget_type=\"heading.default\">\n\t\t\t\t<div class=\"elementor-widget-container\">\n\t\t\t<h4 class=\"elementor-heading-title elementor-size-default\">Smile with confidence thanks to our expertise in dental aesthetics<\/h4>\t\t<\/div>\n\t\t\t\t<\/div>\n\t\t\t\t<div class=\"elementor-element elementor-element-e682cdd elementor-align-center elementor-widget elementor-widget-button\" data-id=\"e682cdd\" data-element_type=\"widget\" data-widget_type=\"button.default\">\n\t\t\t\t<div class=\"elementor-widget-container\">\n\t\t\t\t\t<div class=\"elementor-button-wrapper\">\n\t\t\t<a class=\"elementor-button elementor-button-link elementor-size-sm\" href=\"\/en\/appointment\/\">\n\t\t\t\t\t\t<span class=\"elementor-button-content-wrapper\">\n\t\t\t\t\t\t\t\t\t<span class=\"elementor-button-text\">Schedule an appointment now!<\/span>\n\t\t\t\t\t<\/span>\n\t\t\t\t\t<\/a>\n\t\t<\/div>\n\t\t\t\t<\/div>\n\t\t\t\t<\/div>\n\t\t\t\t<\/div>\n\t\t\t\t<\/div>\n\t\t\t\t<\/div>\n\t\t\t\t<\/div>\n\t\t","protected":false},"excerpt":{"rendered":"<p>Dr Fran\u00e7ois Lechner Dr. Lechner, founder of PRISMA DENTISTES, is a pioneer in the field of dental aesthetics with over 30 years&#8217; experience in dentistry. His expertise extends far beyond general dental care, as he has developed a particular passion for sleep disorders and neuromuscular dentistry. Dr. Lechner has earned a reputation for excellence thanks [&hellip;]<\/p>\n","protected":false},"author":1,"featured_media":0,"parent":0,"menu_order":0,"comment_status":"closed","ping_status":"closed","template":"page-plain.php","meta":{"_acf_changed":false,"footnotes":""},"class_list":["post-1388","page","type-page","status-publish","hentry"],"acf":[],"yoast_head":"<!-- This site is optimized with the Yoast SEO plugin v23.5 - https:\/\/yoast.com\/wordpress\/plugins\/seo\/ -->\n<title>Dr Lechner - Dr Lechner - Est\u00e9thique dentaire<\/title>\n<meta name=\"description\" content=\"Notre approche 1 2 3 - La solution id\u00e9ale pour retrouver votre plus beau sourire\" \/>\n<meta name=\"robots\" content=\"noindex, follow, max-snippet:-1, max-image-preview:large, max-video-preview:-1\" \/>\n<meta property=\"og:locale\" content=\"en_US\" \/>\n<meta property=\"og:type\" content=\"article\" \/>\n<meta property=\"og:title\" content=\"Dr Lechner - Dr Lechner - Est\u00e9thique dentaire\" \/>\n<meta property=\"og:description\" content=\"Notre approche 1 2 3 - La solution id\u00e9ale pour retrouver votre plus beau sourire\" \/>\n<meta property=\"og:url\" content=\"https:\/\/dev.drlechner.ca\/en\/dr-lechner\/\" \/>\n<meta property=\"og:site_name\" content=\"Dr Lechner - Est\u00e9thique dentaire\" \/>\n<meta property=\"article:modified_time\" content=\"2024-10-08T01:19:29+00:00\" \/>\n<meta property=\"og:image\" content=\"https:\/\/dev.drlechner.ca\/wp-content\/uploads\/2024\/06\/dr-lechner.jpg\" \/>\n<meta name=\"twitter:card\" content=\"summary_large_image\" \/>\n<meta name=\"twitter:label1\" content=\"Est. reading time\" \/>\n\t<meta name=\"twitter:data1\" content=\"3 minutes\" \/>\n<script type=\"application\/ld+json\" class=\"yoast-schema-graph\">{\"@context\":\"https:\/\/schema.org\",\"@graph\":[{\"@type\":\"WebPage\",\"@id\":\"https:\/\/dev.drlechner.ca\/en\/dr-lechner\/\",\"url\":\"https:\/\/dev.drlechner.ca\/en\/dr-lechner\/\",\"name\":\"Dr Lechner - Dr Lechner - Est\u00e9thique dentaire\",\"isPartOf\":{\"@id\":\"https:\/\/dev.drlechner.ca\/en\/#website\"},\"primaryImageOfPage\":{\"@id\":\"https:\/\/dev.drlechner.ca\/en\/dr-lechner\/#primaryimage\"},\"image\":{\"@id\":\"https:\/\/dev.drlechner.ca\/en\/dr-lechner\/#primaryimage\"},\"thumbnailUrl\":\"https:\/\/dev.drlechner.ca\/wp-content\/uploads\/2024\/06\/dr-lechner.jpg\",\"datePublished\":\"2024-07-31T23:57:25+00:00\",\"dateModified\":\"2024-10-08T01:19:29+00:00\",\"description\":\"Notre approche 1 2 3 - La solution id\u00e9ale pour retrouver votre plus beau sourire\",\"breadcrumb\":{\"@id\":\"https:\/\/dev.drlechner.ca\/en\/dr-lechner\/#breadcrumb\"},\"inLanguage\":\"en-US\",\"potentialAction\":[{\"@type\":\"ReadAction\",\"target\":[\"https:\/\/dev.drlechner.ca\/en\/dr-lechner\/\"]}]},{\"@type\":\"ImageObject\",\"inLanguage\":\"en-US\",\"@id\":\"https:\/\/dev.drlechner.ca\/en\/dr-lechner\/#primaryimage\",\"url\":\"https:\/\/dev.drlechner.ca\/wp-content\/uploads\/2024\/06\/dr-lechner.jpg\",\"contentUrl\":\"https:\/\/dev.drlechner.ca\/wp-content\/uploads\/2024\/06\/dr-lechner.jpg\"},{\"@type\":\"BreadcrumbList\",\"@id\":\"https:\/\/dev.drlechner.ca\/en\/dr-lechner\/#breadcrumb\",\"itemListElement\":[{\"@type\":\"ListItem\",\"position\":1,\"name\":\"Accueil\",\"item\":\"https:\/\/dev.drlechner.ca\/en\/\"},{\"@type\":\"ListItem\",\"position\":2,\"name\":\"Dr Lechner\"}]},{\"@type\":\"WebSite\",\"@id\":\"https:\/\/dev.drlechner.ca\/en\/#website\",\"url\":\"https:\/\/dev.drlechner.ca\/en\/\",\"name\":\"Dr Lechner - Est\u00e9thique dentaire\",\"description\":\"Souriez avec confiance gr\u00e2ce \u00e0 notre expertise en esth\u00e9tique dentaire\",\"potentialAction\":[{\"@type\":\"SearchAction\",\"target\":{\"@type\":\"EntryPoint\",\"urlTemplate\":\"https:\/\/dev.drlechner.ca\/en\/?s={search_term_string}\"},\"query-input\":{\"@type\":\"PropertyValueSpecification\",\"valueRequired\":true,\"valueName\":\"search_term_string\"}}],\"inLanguage\":\"en-US\"}]}<\/script>\n<!-- \/ Yoast SEO plugin. -->","yoast_head_json":{"title":"Dr Lechner - Dr Lechner - Est\u00e9thique dentaire","description":"Notre approche 1 2 3 - La solution id\u00e9ale pour retrouver votre plus beau sourire","robots":{"index":"noindex","follow":"follow","max-snippet":"max-snippet:-1","max-image-preview":"max-image-preview:large","max-video-preview":"max-video-preview:-1"},"og_locale":"en_US","og_type":"article","og_title":"Dr Lechner - Dr Lechner - Est\u00e9thique dentaire","og_description":"Notre approche 1 2 3 - La solution id\u00e9ale pour retrouver votre plus beau sourire","og_url":"https:\/\/dev.drlechner.ca\/en\/dr-lechner\/","og_site_name":"Dr Lechner - Est\u00e9thique dentaire","article_modified_time":"2024-10-08T01:19:29+00:00","og_image":[{"url":"https:\/\/dev.drlechner.ca\/wp-content\/uploads\/2024\/06\/dr-lechner.jpg"}],"twitter_card":"summary_large_image","twitter_misc":{"Est. reading time":"3 minutes"},"schema":{"@context":"https:\/\/schema.org","@graph":[{"@type":"WebPage","@id":"https:\/\/dev.drlechner.ca\/en\/dr-lechner\/","url":"https:\/\/dev.drlechner.ca\/en\/dr-lechner\/","name":"Dr Lechner - Dr Lechner - Est\u00e9thique dentaire","isPartOf":{"@id":"https:\/\/dev.drlechner.ca\/en\/#website"},"primaryImageOfPage":{"@id":"https:\/\/dev.drlechner.ca\/en\/dr-lechner\/#primaryimage"},"image":{"@id":"https:\/\/dev.drlechner.ca\/en\/dr-lechner\/#primaryimage"},"thumbnailUrl":"https:\/\/dev.drlechner.ca\/wp-content\/uploads\/2024\/06\/dr-lechner.jpg","datePublished":"2024-07-31T23:57:25+00:00","dateModified":"2024-10-08T01:19:29+00:00","description":"Notre approche 1 2 3 - La solution id\u00e9ale pour retrouver votre plus beau sourire","breadcrumb":{"@id":"https:\/\/dev.drlechner.ca\/en\/dr-lechner\/#breadcrumb"},"inLanguage":"en-US","potentialAction":[{"@type":"ReadAction","target":["https:\/\/dev.drlechner.ca\/en\/dr-lechner\/"]}]},{"@type":"ImageObject","inLanguage":"en-US","@id":"https:\/\/dev.drlechner.ca\/en\/dr-lechner\/#primaryimage","url":"https:\/\/dev.drlechner.ca\/wp-content\/uploads\/2024\/06\/dr-lechner.jpg","contentUrl":"https:\/\/dev.drlechner.ca\/wp-content\/uploads\/2024\/06\/dr-lechner.jpg"},{"@type":"BreadcrumbList","@id":"https:\/\/dev.drlechner.ca\/en\/dr-lechner\/#breadcrumb","itemListElement":[{"@type":"ListItem","position":1,"name":"Accueil","item":"https:\/\/dev.drlechner.ca\/en\/"},{"@type":"ListItem","position":2,"name":"Dr Lechner"}]},{"@type":"WebSite","@id":"https:\/\/dev.drlechner.ca\/en\/#website","url":"https:\/\/dev.drlechner.ca\/en\/","name":"Dr Lechner - Est\u00e9thique dentaire","description":"Souriez avec confiance gr\u00e2ce \u00e0 notre expertise en esth\u00e9tique dentaire","potentialAction":[{"@type":"SearchAction","target":{"@type":"EntryPoint","urlTemplate":"https:\/\/dev.drlechner.ca\/en\/?s={search_term_string}"},"query-input":{"@type":"PropertyValueSpecification","valueRequired":true,"valueName":"search_term_string"}}],"inLanguage":"en-US"}]}},"_links":{"self":[{"href":"https:\/\/dev.drlechner.ca\/en\/wp-json\/wp\/v2\/pages\/1388"}],"collection":[{"href":"https:\/\/dev.drlechner.ca\/en\/wp-json\/wp\/v2\/pages"}],"about":[{"href":"https:\/\/dev.drlechner.ca\/en\/wp-json\/wp\/v2\/types\/page"}],"author":[{"embeddable":true,"href":"https:\/\/dev.drlechner.ca\/en\/wp-json\/wp\/v2\/users\/1"}],"replies":[{"embeddable":true,"href":"https:\/\/dev.drlechner.ca\/en\/wp-json\/wp\/v2\/comments?post=1388"}],"version-history":[{"count":13,"href":"https:\/\/dev.drlechner.ca\/en\/wp-json\/wp\/v2\/pages\/1388\/revisions"}],"predecessor-version":[{"id":2019,"href":"https:\/\/dev.drlechner.ca\/en\/wp-json\/wp\/v2\/pages\/1388\/revisions\/2019"}],"wp:attachment":[{"href":"https:\/\/dev.drlechner.ca\/en\/wp-json\/wp\/v2\/media?parent=1388"}],"curies":[{"name":"wp","href":"https:\/\/api.w.org\/{rel}","templated":true}]}}