

{"id":1406,"date":"2024-07-31T16:31:09","date_gmt":"2024-07-31T20:31:09","guid":{"rendered":"https:\/\/dev.drlechner.ca\/nous-joindre\/"},"modified":"2024-10-07T21:13:51","modified_gmt":"2024-10-08T01:13:51","slug":"contact-us","status":"publish","type":"page","link":"https:\/\/dev.drlechner.ca\/en\/contact-us\/","title":{"rendered":"Contact us"},"content":{"rendered":"\t\t<div data-elementor-type=\"wp-post\" data-elementor-id=\"1406\" class=\"elementor elementor-1406 elementor-806\" data-elementor-post-type=\"page\">\n\t\t\t\t<div class=\"elementor-element elementor-element-c6775b5 e-con-full e-flex e-con e-parent\" data-id=\"c6775b5\" data-element_type=\"container\">\n\t\t<div class=\"elementor-element elementor-element-a7aba8b e-con-full e-flex e-con e-child\" data-id=\"a7aba8b\" data-element_type=\"container\">\n\t\t\t\t<div class=\"elementor-element elementor-element-f4565b6 elementor-widget elementor-widget-heading\" data-id=\"f4565b6\" data-element_type=\"widget\" id=\"approche\" data-widget_type=\"heading.default\">\n\t\t\t\t<div class=\"elementor-widget-container\">\n\t\t\t<h1 class=\"elementor-heading-title elementor-size-default\">Contact us<\/h1>\t\t<\/div>\n\t\t\t\t<\/div>\n\t\t\t\t<div class=\"elementor-element elementor-element-b85e79f elementor-widget elementor-widget-text-editor\" data-id=\"b85e79f\" data-element_type=\"widget\" data-widget_type=\"text-editor.default\">\n\t\t\t\t<div class=\"elementor-widget-container\">\n\t\t\t\t\t\t\t<p>The clinic is located in Montreal&#8217;s <a href=\"http:\/\/www.rocklandmd.com\/\" target=\"_blank\" rel=\"noopener\">COMPLEXE SANT\u00c9 ROCKLAND<\/a><br \/>100 Chemin Rockland \u2013 Suite 133,<br \/>Ville Mont-Royal, Qu\u00e9bec H3P 2V9<\/p><p>Beaumont Intersection \u2022 Ample free parking \u2022 Metro Acadie<\/p>\t\t\t\t\t\t<\/div>\n\t\t\t\t<\/div>\n\t\t\t\t<div class=\"elementor-element elementor-element-e5396ab elementor-widget elementor-widget-google_maps\" data-id=\"e5396ab\" data-element_type=\"widget\" data-widget_type=\"google_maps.default\">\n\t\t\t\t<div class=\"elementor-widget-container\">\n\t\t\t\t\t<div class=\"elementor-custom-embed\">\n\t\t\t<iframe loading=\"lazy\"\n\t\t\t\t\tsrc=\"https:\/\/maps.google.com\/maps?q=100%20Chem.%20Rockland%20%23%20133%2C%20Mont-Royal%2C%20QC%20H3P%202V9&#038;t=m&#038;z=14&#038;output=embed&#038;iwloc=near\"\n\t\t\t\t\ttitle=\"100 Chem. Rockland # 133, Mont-Royal, QC H3P 2V9\"\n\t\t\t\t\taria-label=\"100 Chem. Rockland # 133, Mont-Royal, QC H3P 2V9\"\n\t\t\t><\/iframe>\n\t\t<\/div>\n\t\t\t\t<\/div>\n\t\t\t\t<\/div>\n\t\t\t\t<div class=\"elementor-element elementor-element-3f1cbbd elementor-widget elementor-widget-text-editor\" data-id=\"3f1cbbd\" data-element_type=\"widget\" data-widget_type=\"text-editor.default\">\n\t\t\t\t<div class=\"elementor-widget-container\">\n\t\t\t\t\t\t\t<h2>For questions or further information<\/h2>\nPlease contact us by phone at <a href=\"tel:5147390097\"><strong>514 739-0097<\/strong><\/a>, by email at <strong><a href=\"mailto:info@drlechner.ca\">info@drlechner.ca<\/a><\/strong> or by filling out the form below.\t\t\t\t\t\t<\/div>\n\t\t\t\t<\/div>\n\t\t\t\t<div class=\"elementor-element elementor-element-b72fa70 elementor-button-align-stretch elementor-widget elementor-widget-form\" data-id=\"b72fa70\" data-element_type=\"widget\" data-settings=\"{&quot;button_width&quot;:&quot;33&quot;,&quot;step_next_label&quot;:&quot;Suivant&quot;,&quot;step_previous_label&quot;:&quot;Pr\\u00e9c\\u00e9dent&quot;,&quot;step_type&quot;:&quot;number_text&quot;,&quot;step_icon_shape&quot;:&quot;circle&quot;}\" data-widget_type=\"form.default\">\n\t\t\t\t<div class=\"elementor-widget-container\">\n\t\t\t\t\t<form class=\"elementor-form\" method=\"post\" name=\"Nouveau formulaire\">\n\t\t\t<input type=\"hidden\" name=\"post_id\" value=\"1406\"\/>\n\t\t\t<input type=\"hidden\" name=\"form_id\" value=\"b72fa70\"\/>\n\t\t\t<input type=\"hidden\" name=\"referer_title\" value=\"Dr Lechner &#8211;  Est\u00e9thique dentaire\" \/>\n\n\t\t\t\n\t\t\t<div class=\"elementor-form-fields-wrapper elementor-labels-above\">\n\t\t\t\t\t\t\t\t<div class=\"elementor-field-type-text elementor-field-group elementor-column elementor-field-group-name elementor-col-50 elementor-field-required elementor-mark-required\">\n\t\t\t\t\t\t\t\t\t\t\t\t<label for=\"form-field-name\" class=\"elementor-field-label\">\n\t\t\t\t\t\t\t\tName\t\t\t\t\t\t\t<\/label>\n\t\t\t\t\t\t\t\t\t\t\t\t\t\t<input size=\"1\" type=\"text\" name=\"form_fields[name]\" id=\"form-field-name\" class=\"elementor-field elementor-size-lg  elementor-field-textual\" required=\"required\" aria-required=\"true\">\n\t\t\t\t\t\t\t\t\t\t\t<\/div>\n\t\t\t\t\t\t\t\t<div class=\"elementor-field-type-email elementor-field-group elementor-column elementor-field-group-email elementor-col-50 elementor-field-required elementor-mark-required\">\n\t\t\t\t\t\t\t\t\t\t\t\t<label for=\"form-field-email\" class=\"elementor-field-label\">\n\t\t\t\t\t\t\t\tEmail\t\t\t\t\t\t\t<\/label>\n\t\t\t\t\t\t\t\t\t\t\t\t\t\t<input size=\"1\" type=\"email\" name=\"form_fields[email]\" id=\"form-field-email\" class=\"elementor-field elementor-size-lg  elementor-field-textual\" required=\"required\" aria-required=\"true\">\n\t\t\t\t\t\t\t\t\t\t\t<\/div>\n\t\t\t\t\t\t\t\t<div class=\"elementor-field-type-tel elementor-field-group elementor-column elementor-field-group-field_625b9f2 elementor-col-100 elementor-field-required elementor-mark-required\">\n\t\t\t\t\t\t\t\t\t\t\t\t<label for=\"form-field-field_625b9f2\" class=\"elementor-field-label\">\n\t\t\t\t\t\t\t\tPhone\t\t\t\t\t\t\t<\/label>\n\t\t\t\t\t\t\t\t<input size=\"1\" type=\"tel\" name=\"form_fields[field_625b9f2]\" id=\"form-field-field_625b9f2\" class=\"elementor-field elementor-size-lg  elementor-field-textual\" required=\"required\" aria-required=\"true\" pattern=\"[0-9()#&amp;+*-=.]+\" title=\"Only numbers and phone characters (#, -, *, etc) are accepted.\">\n\n\t\t\t\t\t\t<\/div>\n\t\t\t\t\t\t\t\t<div class=\"elementor-field-type-textarea elementor-field-group elementor-column elementor-field-group-message elementor-col-100 elementor-field-required elementor-mark-required\">\n\t\t\t\t\t\t\t\t\t\t\t\t<label for=\"form-field-message\" class=\"elementor-field-label\">\n\t\t\t\t\t\t\t\tMessage\t\t\t\t\t\t\t<\/label>\n\t\t\t\t\t\t<textarea class=\"elementor-field-textual elementor-field  elementor-size-lg\" name=\"form_fields[message]\" id=\"form-field-message\" rows=\"4\" required=\"required\" aria-required=\"true\"><\/textarea>\t\t\t\t<\/div>\n\t\t\t\t\t\t\t\t<div class=\"elementor-field-type-acceptance elementor-field-group elementor-column elementor-field-group-field_fa2f27d elementor-col-100\">\n\t\t\t\t\t\t\t<div class=\"elementor-field-subgroup\">\n\t\t\t<span class=\"elementor-field-option\">\n\t\t\t\t<input type=\"checkbox\" name=\"form_fields[field_fa2f27d]\" id=\"form-field-field_fa2f27d\" class=\"elementor-field elementor-size-lg  elementor-acceptance-field\">\n\t\t\t\t<label for=\"form-field-field_fa2f27d\">I agree to receive communications from the dental office regarding my appointment and other relevant information. We respect your privacy and are committed to protecting your personal data. For more information, please see our <a href=\"\/en\/privacy-policy\/\">privacy policy<\/a>.<\/label>\t\t\t<\/span>\n\t\t<\/div>\n\t\t\t\t\t\t<\/div>\n\t\t\t\t\t\t\t\t<div class=\"elementor-field-group elementor-column elementor-field-type-submit elementor-col-33 e-form__buttons\">\n\t\t\t\t\t<button class=\"elementor-button elementor-size-lg\" type=\"submit\">\n\t\t\t\t\t\t<span class=\"elementor-button-content-wrapper\">\n\t\t\t\t\t\t\t\t\t\t\t\t\t\t\t\t\t\t\t\t\t\t<span class=\"elementor-button-text\">SEND<\/span>\n\t\t\t\t\t\t\t\t\t\t\t\t\t<\/span>\n\t\t\t\t\t<\/button>\n\t\t\t\t<\/div>\n\t\t\t<\/div>\n\t\t<\/form>\n\t\t\t\t<\/div>\n\t\t\t\t<\/div>\n\t\t\t\t<\/div>\n\t\t<div class=\"elementor-element elementor-element-89777d0 e-con-full e-flex e-con e-child\" data-id=\"89777d0\" data-element_type=\"container\" data-settings=\"{&quot;sticky&quot;:&quot;top&quot;,&quot;sticky_parent&quot;:&quot;yes&quot;,&quot;sticky_on&quot;:[&quot;desktop&quot;,&quot;tablet_extra&quot;,&quot;tablet&quot;,&quot;mobile&quot;],&quot;sticky_offset&quot;:0,&quot;sticky_effects_offset&quot;:0}\">\n\t\t<div class=\"elementor-element elementor-element-87bc88f e-con-full e-flex e-con e-child\" data-id=\"87bc88f\" data-element_type=\"container\" data-settings=\"{&quot;background_background&quot;:&quot;classic&quot;}\">\n\t\t\t\t<div class=\"elementor-element elementor-element-67bd9cd elementor-widget elementor-widget-heading\" data-id=\"67bd9cd\" data-element_type=\"widget\" data-widget_type=\"heading.default\">\n\t\t\t\t<div class=\"elementor-widget-container\">\n\t\t\t<h4 class=\"elementor-heading-title elementor-size-default\">TEST&nbsp;YOUR FUTURE&nbsp;SMILE\n<br>IN 2 SIMULATION<br>VISITS<\/h4>\t\t<\/div>\n\t\t\t\t<\/div>\n\t\t\t\t<div class=\"elementor-element elementor-element-6256e53 elementor-widget elementor-widget-heading\" data-id=\"6256e53\" data-element_type=\"widget\" data-widget_type=\"heading.default\">\n\t\t\t\t<div class=\"elementor-widget-container\">\n\t\t\t<div class=\"elementor-heading-title elementor-size-default\">Online promotion<\/div>\t\t<\/div>\n\t\t\t\t<\/div>\n\t\t\t\t<div class=\"elementor-element elementor-element-87cc832 elementor-widget elementor-widget-heading\" data-id=\"87cc832\" data-element_type=\"widget\" data-widget_type=\"heading.default\">\n\t\t\t\t<div class=\"elementor-widget-container\">\n\t\t\t<span class=\"elementor-heading-title elementor-size-default\">For only<\/span>\t\t<\/div>\n\t\t\t\t<\/div>\n\t\t\t\t<div class=\"elementor-element elementor-element-7de0ea7 elementor-widget elementor-widget-heading\" data-id=\"7de0ea7\" data-element_type=\"widget\" data-widget_type=\"heading.default\">\n\t\t\t\t<div class=\"elementor-widget-container\">\n\t\t\t<span class=\"elementor-heading-title elementor-size-default\">$750<\/span>\t\t<\/div>\n\t\t\t\t<\/div>\n\t\t\t\t<div class=\"elementor-element elementor-element-60f74ea elementor-align-center elementor-widget elementor-widget-button\" data-id=\"60f74ea\" data-element_type=\"widget\" data-widget_type=\"button.default\">\n\t\t\t\t<div class=\"elementor-widget-container\">\n\t\t\t\t\t<div class=\"elementor-button-wrapper\">\n\t\t\t<a class=\"elementor-button elementor-button-link elementor-size-sm\" href=\"\/en\/appointment\/\">\n\t\t\t\t\t\t<span class=\"elementor-button-content-wrapper\">\n\t\t\t\t\t\t\t\t\t<span class=\"elementor-button-text\">Make an appointment<\/span>\n\t\t\t\t\t<\/span>\n\t\t\t\t\t<\/a>\n\t\t<\/div>\n\t\t\t\t<\/div>\n\t\t\t\t<\/div>\n\t\t\t\t<\/div>\n\t\t<div class=\"elementor-element elementor-element-e47812a e-con-full e-flex e-con e-child\" data-id=\"e47812a\" data-element_type=\"container\" data-settings=\"{&quot;background_background&quot;:&quot;classic&quot;}\">\n\t\t\t\t<div class=\"elementor-element elementor-element-a47439c elementor-widget elementor-widget-heading\" data-id=\"a47439c\" data-element_type=\"widget\" data-widget_type=\"heading.default\">\n\t\t\t\t<div class=\"elementor-widget-container\">\n\t\t\t<h4 class=\"elementor-heading-title elementor-size-default\">Cases - Before &amp; after<\/h4>\t\t<\/div>\n\t\t\t\t<\/div>\n\t\t\t\t<div class=\"elementor-element elementor-element-f55e7d6 elementor-widget elementor-widget-image\" data-id=\"f55e7d6\" data-element_type=\"widget\" data-widget_type=\"image.default\">\n\t\t\t\t<div class=\"elementor-widget-container\">\n\t\t\t\t\t\t\t\t\t\t\t\t\t\t<a href=\"\/en\/cases\/\">\n\t\t\t\t\t\t\t<img fetchpriority=\"high\" decoding=\"async\" width=\"600\" height=\"368\" src=\"https:\/\/dev.drlechner.ca\/wp-content\/uploads\/2024\/07\/blanchiement.jpg\" class=\"attachment-full size-full wp-image-864\" alt=\"\" srcset=\"https:\/\/dev.drlechner.ca\/wp-content\/uploads\/2024\/07\/blanchiement.jpg 600w, https:\/\/dev.drlechner.ca\/wp-content\/uploads\/2024\/07\/blanchiement-300x184.jpg 300w\" sizes=\"(max-width: 600px) 100vw, 600px\" \/>\t\t\t\t\t\t\t\t<\/a>\n\t\t\t\t\t\t\t\t\t\t\t\t\t<\/div>\n\t\t\t\t<\/div>\n\t\t\t\t<div class=\"elementor-element elementor-element-767aba5 elementor-widget elementor-widget-heading\" data-id=\"767aba5\" data-element_type=\"widget\" data-widget_type=\"heading.default\">\n\t\t\t\t<div class=\"elementor-widget-container\">\n\t\t\t<p class=\"elementor-heading-title elementor-size-default\"><a href=\"\/en\/cases\/\">View our 20 \"Before\/After\"<br> clinical cases<\/a><\/p>\t\t<\/div>\n\t\t\t\t<\/div>\n\t\t\t\t<\/div>\n\t\t\t\t<\/div>\n\t\t\t\t<\/div>\n\t\t\t\t<\/div>\n\t\t","protected":false},"excerpt":{"rendered":"<p>Contact us The clinic is located in Montreal&#8217;s COMPLEXE SANT\u00c9 ROCKLAND100 Chemin Rockland \u2013 Suite 133,Ville Mont-Royal, Qu\u00e9bec H3P 2V9 Beaumont Intersection \u2022 Ample free parking \u2022 Metro Acadie For questions or further information Please contact us by phone at 514 739-0097, by email at info@drlechner.ca or by filling out the form below. TEST&nbsp;YOUR FUTURE&nbsp;SMILE [&hellip;]<\/p>\n","protected":false},"author":1,"featured_media":0,"parent":0,"menu_order":0,"comment_status":"closed","ping_status":"closed","template":"page-plain.php","meta":{"_acf_changed":false,"footnotes":""},"class_list":["post-1406","page","type-page","status-publish","hentry"],"acf":[],"yoast_head":"<!-- This site is optimized with the Yoast SEO plugin v23.5 - https:\/\/yoast.com\/wordpress\/plugins\/seo\/ -->\n<title>Contact us - Dr Lechner - Est\u00e9thique dentaire<\/title>\n<meta name=\"description\" content=\"Notre approche 1 2 3 - La solution id\u00e9ale pour retrouver votre plus beau sourire\" \/>\n<meta name=\"robots\" content=\"noindex, follow, max-snippet:-1, max-image-preview:large, max-video-preview:-1\" \/>\n<meta property=\"og:locale\" content=\"en_US\" \/>\n<meta property=\"og:type\" content=\"article\" \/>\n<meta property=\"og:title\" content=\"Contact us - Dr Lechner - Est\u00e9thique dentaire\" \/>\n<meta property=\"og:description\" content=\"Notre approche 1 2 3 - La solution id\u00e9ale pour retrouver votre plus beau sourire\" \/>\n<meta property=\"og:url\" content=\"https:\/\/dev.drlechner.ca\/en\/contact-us\/\" \/>\n<meta property=\"og:site_name\" content=\"Dr Lechner - Est\u00e9thique dentaire\" \/>\n<meta property=\"article:modified_time\" content=\"2024-10-08T01:13:51+00:00\" \/>\n<meta property=\"og:image\" content=\"https:\/\/dev.drlechner.ca\/wp-content\/uploads\/2024\/07\/blanchiement.jpg\" \/>\n<meta name=\"twitter:card\" content=\"summary_large_image\" \/>\n<meta name=\"twitter:label1\" content=\"Est. reading time\" \/>\n\t<meta name=\"twitter:data1\" content=\"1 minute\" \/>\n<script type=\"application\/ld+json\" class=\"yoast-schema-graph\">{\"@context\":\"https:\/\/schema.org\",\"@graph\":[{\"@type\":\"WebPage\",\"@id\":\"https:\/\/dev.drlechner.ca\/en\/contact-us\/\",\"url\":\"https:\/\/dev.drlechner.ca\/en\/contact-us\/\",\"name\":\"Contact us - Dr Lechner - Est\u00e9thique dentaire\",\"isPartOf\":{\"@id\":\"https:\/\/dev.drlechner.ca\/en\/#website\"},\"primaryImageOfPage\":{\"@id\":\"https:\/\/dev.drlechner.ca\/en\/contact-us\/#primaryimage\"},\"image\":{\"@id\":\"https:\/\/dev.drlechner.ca\/en\/contact-us\/#primaryimage\"},\"thumbnailUrl\":\"https:\/\/dev.drlechner.ca\/wp-content\/uploads\/2024\/07\/blanchiement.jpg\",\"datePublished\":\"2024-07-31T20:31:09+00:00\",\"dateModified\":\"2024-10-08T01:13:51+00:00\",\"description\":\"Notre approche 1 2 3 - La solution id\u00e9ale pour retrouver votre plus beau sourire\",\"breadcrumb\":{\"@id\":\"https:\/\/dev.drlechner.ca\/en\/contact-us\/#breadcrumb\"},\"inLanguage\":\"en-US\",\"potentialAction\":[{\"@type\":\"ReadAction\",\"target\":[\"https:\/\/dev.drlechner.ca\/en\/contact-us\/\"]}]},{\"@type\":\"ImageObject\",\"inLanguage\":\"en-US\",\"@id\":\"https:\/\/dev.drlechner.ca\/en\/contact-us\/#primaryimage\",\"url\":\"https:\/\/dev.drlechner.ca\/wp-content\/uploads\/2024\/07\/blanchiement.jpg\",\"contentUrl\":\"https:\/\/dev.drlechner.ca\/wp-content\/uploads\/2024\/07\/blanchiement.jpg\"},{\"@type\":\"BreadcrumbList\",\"@id\":\"https:\/\/dev.drlechner.ca\/en\/contact-us\/#breadcrumb\",\"itemListElement\":[{\"@type\":\"ListItem\",\"position\":1,\"name\":\"Accueil\",\"item\":\"https:\/\/dev.drlechner.ca\/en\/\"},{\"@type\":\"ListItem\",\"position\":2,\"name\":\"Contact us\"}]},{\"@type\":\"WebSite\",\"@id\":\"https:\/\/dev.drlechner.ca\/en\/#website\",\"url\":\"https:\/\/dev.drlechner.ca\/en\/\",\"name\":\"Dr Lechner - Est\u00e9thique dentaire\",\"description\":\"Souriez avec confiance gr\u00e2ce \u00e0 notre expertise en esth\u00e9tique dentaire\",\"potentialAction\":[{\"@type\":\"SearchAction\",\"target\":{\"@type\":\"EntryPoint\",\"urlTemplate\":\"https:\/\/dev.drlechner.ca\/en\/?s={search_term_string}\"},\"query-input\":{\"@type\":\"PropertyValueSpecification\",\"valueRequired\":true,\"valueName\":\"search_term_string\"}}],\"inLanguage\":\"en-US\"}]}<\/script>\n<!-- \/ Yoast SEO plugin. -->","yoast_head_json":{"title":"Contact us - Dr Lechner - Est\u00e9thique dentaire","description":"Notre approche 1 2 3 - La solution id\u00e9ale pour retrouver votre plus beau sourire","robots":{"index":"noindex","follow":"follow","max-snippet":"max-snippet:-1","max-image-preview":"max-image-preview:large","max-video-preview":"max-video-preview:-1"},"og_locale":"en_US","og_type":"article","og_title":"Contact us - Dr Lechner - Est\u00e9thique dentaire","og_description":"Notre approche 1 2 3 - La solution id\u00e9ale pour retrouver votre plus beau sourire","og_url":"https:\/\/dev.drlechner.ca\/en\/contact-us\/","og_site_name":"Dr Lechner - Est\u00e9thique dentaire","article_modified_time":"2024-10-08T01:13:51+00:00","og_image":[{"url":"https:\/\/dev.drlechner.ca\/wp-content\/uploads\/2024\/07\/blanchiement.jpg"}],"twitter_card":"summary_large_image","twitter_misc":{"Est. reading time":"1 minute"},"schema":{"@context":"https:\/\/schema.org","@graph":[{"@type":"WebPage","@id":"https:\/\/dev.drlechner.ca\/en\/contact-us\/","url":"https:\/\/dev.drlechner.ca\/en\/contact-us\/","name":"Contact us - Dr Lechner - Est\u00e9thique dentaire","isPartOf":{"@id":"https:\/\/dev.drlechner.ca\/en\/#website"},"primaryImageOfPage":{"@id":"https:\/\/dev.drlechner.ca\/en\/contact-us\/#primaryimage"},"image":{"@id":"https:\/\/dev.drlechner.ca\/en\/contact-us\/#primaryimage"},"thumbnailUrl":"https:\/\/dev.drlechner.ca\/wp-content\/uploads\/2024\/07\/blanchiement.jpg","datePublished":"2024-07-31T20:31:09+00:00","dateModified":"2024-10-08T01:13:51+00:00","description":"Notre approche 1 2 3 - La solution id\u00e9ale pour retrouver votre plus beau sourire","breadcrumb":{"@id":"https:\/\/dev.drlechner.ca\/en\/contact-us\/#breadcrumb"},"inLanguage":"en-US","potentialAction":[{"@type":"ReadAction","target":["https:\/\/dev.drlechner.ca\/en\/contact-us\/"]}]},{"@type":"ImageObject","inLanguage":"en-US","@id":"https:\/\/dev.drlechner.ca\/en\/contact-us\/#primaryimage","url":"https:\/\/dev.drlechner.ca\/wp-content\/uploads\/2024\/07\/blanchiement.jpg","contentUrl":"https:\/\/dev.drlechner.ca\/wp-content\/uploads\/2024\/07\/blanchiement.jpg"},{"@type":"BreadcrumbList","@id":"https:\/\/dev.drlechner.ca\/en\/contact-us\/#breadcrumb","itemListElement":[{"@type":"ListItem","position":1,"name":"Accueil","item":"https:\/\/dev.drlechner.ca\/en\/"},{"@type":"ListItem","position":2,"name":"Contact us"}]},{"@type":"WebSite","@id":"https:\/\/dev.drlechner.ca\/en\/#website","url":"https:\/\/dev.drlechner.ca\/en\/","name":"Dr Lechner - Est\u00e9thique dentaire","description":"Souriez avec confiance gr\u00e2ce \u00e0 notre expertise en esth\u00e9tique dentaire","potentialAction":[{"@type":"SearchAction","target":{"@type":"EntryPoint","urlTemplate":"https:\/\/dev.drlechner.ca\/en\/?s={search_term_string}"},"query-input":{"@type":"PropertyValueSpecification","valueRequired":true,"valueName":"search_term_string"}}],"inLanguage":"en-US"}]}},"_links":{"self":[{"href":"https:\/\/dev.drlechner.ca\/en\/wp-json\/wp\/v2\/pages\/1406"}],"collection":[{"href":"https:\/\/dev.drlechner.ca\/en\/wp-json\/wp\/v2\/pages"}],"about":[{"href":"https:\/\/dev.drlechner.ca\/en\/wp-json\/wp\/v2\/types\/page"}],"author":[{"embeddable":true,"href":"https:\/\/dev.drlechner.ca\/en\/wp-json\/wp\/v2\/users\/1"}],"replies":[{"embeddable":true,"href":"https:\/\/dev.drlechner.ca\/en\/wp-json\/wp\/v2\/comments?post=1406"}],"version-history":[{"count":22,"href":"https:\/\/dev.drlechner.ca\/en\/wp-json\/wp\/v2\/pages\/1406\/revisions"}],"predecessor-version":[{"id":2010,"href":"https:\/\/dev.drlechner.ca\/en\/wp-json\/wp\/v2\/pages\/1406\/revisions\/2010"}],"wp:attachment":[{"href":"https:\/\/dev.drlechner.ca\/en\/wp-json\/wp\/v2\/media?parent=1406"}],"curies":[{"name":"wp","href":"https:\/\/api.w.org\/{rel}","templated":true}]}}