

{"id":1501,"date":"2024-08-25T23:45:58","date_gmt":"2024-08-26T03:45:58","guid":{"rendered":"https:\/\/dev.drlechner.ca\/trousses-dinformations\/"},"modified":"2024-10-07T21:26:46","modified_gmt":"2024-10-08T01:26:46","slug":"kits","status":"publish","type":"page","link":"https:\/\/dev.drlechner.ca\/en\/kits\/","title":{"rendered":"Information kits"},"content":{"rendered":"\t\t<div data-elementor-type=\"wp-post\" data-elementor-id=\"1501\" class=\"elementor elementor-1501 elementor-1252\" data-elementor-post-type=\"page\">\n\t\t\t\t<div class=\"elementor-element elementor-element-c6775b5 e-con-full e-flex e-con e-parent\" data-id=\"c6775b5\" data-element_type=\"container\">\n\t\t<div class=\"elementor-element elementor-element-a7aba8b e-con-full e-flex e-con e-child\" data-id=\"a7aba8b\" data-element_type=\"container\">\n\t\t\t\t<div class=\"elementor-element elementor-element-f4565b6 elementor-widget elementor-widget-heading\" data-id=\"f4565b6\" data-element_type=\"widget\" id=\"approche\" data-widget_type=\"heading.default\">\n\t\t\t\t<div class=\"elementor-widget-container\">\n\t\t\t<h1 class=\"elementor-heading-title elementor-size-default\">Information kits<\/h1>\t\t<\/div>\n\t\t\t\t<\/div>\n\t\t\t\t<div class=\"elementor-element elementor-element-b85e79f elementor-widget elementor-widget-text-editor\" data-id=\"b85e79f\" data-element_type=\"widget\" data-widget_type=\"text-editor.default\">\n\t\t\t\t<div class=\"elementor-widget-container\">\n\t\t\t\t\t\t\t<p>These information kits are designed to summarize the important information shared during your dental visit. They also allow you to consult them in depth, so you can make the best decision for your overall well-being.<\/p>\t\t\t\t\t\t<\/div>\n\t\t\t\t<\/div>\n\t\t<div class=\"elementor-element elementor-element-a3fec77 e-con-full e-flex e-con e-child\" data-id=\"a3fec77\" data-element_type=\"container\">\n\t\t\t\t<div class=\"elementor-element elementor-element-4914eb2 elementor-widget elementor-widget-heading\" data-id=\"4914eb2\" data-element_type=\"widget\" data-widget_type=\"heading.default\">\n\t\t\t\t<div class=\"elementor-widget-container\">\n\t\t\t<h2 class=\"elementor-heading-title elementor-size-default\">DENTAL AESTHETICS KIT<\/h2>\t\t<\/div>\n\t\t\t\t<\/div>\n\t\t<div class=\"elementor-element elementor-element-315674e e-grid e-con-full e-con e-child\" data-id=\"315674e\" data-element_type=\"container\">\n\t\t\t\t<div class=\"elementor-element elementor-element-58cff7f elementor-widget elementor-widget-image\" data-id=\"58cff7f\" data-element_type=\"widget\" data-widget_type=\"image.default\">\n\t\t\t\t<div class=\"elementor-widget-container\">\n\t\t\t\t\t\t\t\t\t\t\t\t\t\t<a href=\"\/wp-content\/uploads\/2024\/08\/Trousse4-Esthetique-EN.pdf\" target=\"_blank\">\n\t\t\t\t\t\t\t<img fetchpriority=\"high\" decoding=\"async\" width=\"360\" height=\"507\" src=\"https:\/\/dev.drlechner.ca\/wp-content\/uploads\/2024\/08\/Trousse-Esthetique-en.jpg\" class=\"attachment-medium_large size-medium_large wp-image-1262\" alt=\"\" srcset=\"https:\/\/dev.drlechner.ca\/wp-content\/uploads\/2024\/08\/Trousse-Esthetique-en.jpg 360w, https:\/\/dev.drlechner.ca\/wp-content\/uploads\/2024\/08\/Trousse-Esthetique-en-213x300.jpg 213w\" sizes=\"(max-width: 360px) 100vw, 360px\" \/>\t\t\t\t\t\t\t\t<\/a>\n\t\t\t\t\t\t\t\t\t\t\t\t\t<\/div>\n\t\t\t\t<\/div>\n\t\t\t\t<div class=\"elementor-element elementor-element-5097ccc elementor-align-left elementor-widget elementor-widget-button\" data-id=\"5097ccc\" data-element_type=\"widget\" data-widget_type=\"button.default\">\n\t\t\t\t<div class=\"elementor-widget-container\">\n\t\t\t\t\t<div class=\"elementor-button-wrapper\">\n\t\t\t<a class=\"elementor-button elementor-button-link elementor-size-sm\" href=\"\/wp-content\/uploads\/2024\/08\/Trousse4-Esthetique-EN.pdf\" target=\"_blank\">\n\t\t\t\t\t\t<span class=\"elementor-button-content-wrapper\">\n\t\t\t\t\t\t<span class=\"elementor-button-icon\">\n\t\t\t\t<svg aria-hidden=\"true\" class=\"e-font-icon-svg e-fas-file-download\" viewBox=\"0 0 384 512\" xmlns=\"http:\/\/www.w3.org\/2000\/svg\"><path d=\"M224 136V0H24C10.7 0 0 10.7 0 24v464c0 13.3 10.7 24 24 24h336c13.3 0 24-10.7 24-24V160H248c-13.2 0-24-10.8-24-24zm76.45 211.36l-96.42 95.7c-6.65 6.61-17.39 6.61-24.04 0l-96.42-95.7C73.42 337.29 80.54 320 94.82 320H160v-80c0-8.84 7.16-16 16-16h32c8.84 0 16 7.16 16 16v80h65.18c14.28 0 21.4 17.29 11.27 27.36zM377 105L279.1 7c-4.5-4.5-10.6-7-17-7H256v128h128v-6.1c0-6.3-2.5-12.4-7-16.9z\"><\/path><\/svg>\t\t\t<\/span>\n\t\t\t\t\t\t\t\t\t<span class=\"elementor-button-text\">Download the kit<\/span>\n\t\t\t\t\t<\/span>\n\t\t\t\t\t<\/a>\n\t\t<\/div>\n\t\t\t\t<\/div>\n\t\t\t\t<\/div>\n\t\t\t\t<\/div>\n\t\t\t\t<\/div>\n\t\t<div class=\"elementor-element elementor-element-2cb78a2 e-con-full e-flex e-con e-child\" data-id=\"2cb78a2\" data-element_type=\"container\">\n\t\t\t\t<div class=\"elementor-element elementor-element-39e0189 elementor-widget elementor-widget-heading\" data-id=\"39e0189\" data-element_type=\"widget\" data-widget_type=\"heading.default\">\n\t\t\t\t<div class=\"elementor-widget-container\">\n\t\t\t<h2 class=\"elementor-heading-title elementor-size-default\">INVISALIGN\u00ae KIT<\/h2>\t\t<\/div>\n\t\t\t\t<\/div>\n\t\t<div class=\"elementor-element elementor-element-29e2140 e-grid e-con-full e-con e-child\" data-id=\"29e2140\" data-element_type=\"container\">\n\t\t\t\t<div class=\"elementor-element elementor-element-3a261a0 elementor-widget elementor-widget-image\" data-id=\"3a261a0\" data-element_type=\"widget\" data-widget_type=\"image.default\">\n\t\t\t\t<div class=\"elementor-widget-container\">\n\t\t\t\t\t\t\t\t\t\t\t\t\t\t<a href=\"\/wp-content\/uploads\/2024\/08\/Trousse1-Invisalign.pdf\" target=\"_blank\">\n\t\t\t\t\t\t\t<img decoding=\"async\" width=\"360\" height=\"507\" src=\"https:\/\/dev.drlechner.ca\/wp-content\/uploads\/2024\/08\/Trousse-Envisalign-en.jpg\" class=\"attachment-medium_large size-medium_large wp-image-1258\" alt=\"\" srcset=\"https:\/\/dev.drlechner.ca\/wp-content\/uploads\/2024\/08\/Trousse-Envisalign-en.jpg 360w, https:\/\/dev.drlechner.ca\/wp-content\/uploads\/2024\/08\/Trousse-Envisalign-en-213x300.jpg 213w\" sizes=\"(max-width: 360px) 100vw, 360px\" \/>\t\t\t\t\t\t\t\t<\/a>\n\t\t\t\t\t\t\t\t\t\t\t\t\t<\/div>\n\t\t\t\t<\/div>\n\t\t\t\t<div class=\"elementor-element elementor-element-115aa0b elementor-align-left elementor-widget elementor-widget-button\" data-id=\"115aa0b\" data-element_type=\"widget\" data-widget_type=\"button.default\">\n\t\t\t\t<div class=\"elementor-widget-container\">\n\t\t\t\t\t<div class=\"elementor-button-wrapper\">\n\t\t\t<a class=\"elementor-button elementor-button-link elementor-size-sm\" href=\"\/wp-content\/uploads\/2024\/08\/Trousse1-Invisalign.pdf\" target=\"_blank\">\n\t\t\t\t\t\t<span class=\"elementor-button-content-wrapper\">\n\t\t\t\t\t\t<span class=\"elementor-button-icon\">\n\t\t\t\t<svg aria-hidden=\"true\" class=\"e-font-icon-svg e-fas-file-download\" viewBox=\"0 0 384 512\" xmlns=\"http:\/\/www.w3.org\/2000\/svg\"><path d=\"M224 136V0H24C10.7 0 0 10.7 0 24v464c0 13.3 10.7 24 24 24h336c13.3 0 24-10.7 24-24V160H248c-13.2 0-24-10.8-24-24zm76.45 211.36l-96.42 95.7c-6.65 6.61-17.39 6.61-24.04 0l-96.42-95.7C73.42 337.29 80.54 320 94.82 320H160v-80c0-8.84 7.16-16 16-16h32c8.84 0 16 7.16 16 16v80h65.18c14.28 0 21.4 17.29 11.27 27.36zM377 105L279.1 7c-4.5-4.5-10.6-7-17-7H256v128h128v-6.1c0-6.3-2.5-12.4-7-16.9z\"><\/path><\/svg>\t\t\t<\/span>\n\t\t\t\t\t\t\t\t\t<span class=\"elementor-button-text\">Download the kit<\/span>\n\t\t\t\t\t<\/span>\n\t\t\t\t\t<\/a>\n\t\t<\/div>\n\t\t\t\t<\/div>\n\t\t\t\t<\/div>\n\t\t\t\t<\/div>\n\t\t\t\t<\/div>\n\t\t<div class=\"elementor-element elementor-element-c2817dc e-con-full e-flex e-con e-child\" data-id=\"c2817dc\" data-element_type=\"container\">\n\t\t\t\t<div class=\"elementor-element elementor-element-1be6522 elementor-widget elementor-widget-heading\" data-id=\"1be6522\" data-element_type=\"widget\" data-widget_type=\"heading.default\">\n\t\t\t\t<div class=\"elementor-widget-container\">\n\t\t\t<h2 class=\"elementor-heading-title elementor-size-default\">IMPLANT KIT<\/h2>\t\t<\/div>\n\t\t\t\t<\/div>\n\t\t<div class=\"elementor-element elementor-element-2f74c68 e-grid e-con-full e-con e-child\" data-id=\"2f74c68\" data-element_type=\"container\">\n\t\t\t\t<div class=\"elementor-element elementor-element-20abc6b elementor-widget elementor-widget-image\" data-id=\"20abc6b\" data-element_type=\"widget\" data-widget_type=\"image.default\">\n\t\t\t\t<div class=\"elementor-widget-container\">\n\t\t\t\t\t\t\t\t\t\t\t\t\t\t<a href=\"\/wp-content\/uploads\/2024\/08\/Trousse3-Implant-EN.pdf\" target=\"_blank\">\n\t\t\t\t\t\t\t<img decoding=\"async\" width=\"360\" height=\"507\" src=\"https:\/\/dev.drlechner.ca\/wp-content\/uploads\/2024\/08\/Trousse-Implants-en.jpg\" class=\"attachment-medium_large size-medium_large wp-image-1266\" alt=\"\" srcset=\"https:\/\/dev.drlechner.ca\/wp-content\/uploads\/2024\/08\/Trousse-Implants-en.jpg 360w, https:\/\/dev.drlechner.ca\/wp-content\/uploads\/2024\/08\/Trousse-Implants-en-213x300.jpg 213w\" sizes=\"(max-width: 360px) 100vw, 360px\" \/>\t\t\t\t\t\t\t\t<\/a>\n\t\t\t\t\t\t\t\t\t\t\t\t\t<\/div>\n\t\t\t\t<\/div>\n\t\t\t\t<div class=\"elementor-element elementor-element-6a3d42b elementor-align-left elementor-widget elementor-widget-button\" data-id=\"6a3d42b\" data-element_type=\"widget\" data-widget_type=\"button.default\">\n\t\t\t\t<div class=\"elementor-widget-container\">\n\t\t\t\t\t<div class=\"elementor-button-wrapper\">\n\t\t\t<a class=\"elementor-button elementor-button-link elementor-size-sm\" href=\"\/wp-content\/uploads\/2024\/08\/Trousse3-Implant-EN.pdf\" target=\"_blank\">\n\t\t\t\t\t\t<span class=\"elementor-button-content-wrapper\">\n\t\t\t\t\t\t<span class=\"elementor-button-icon\">\n\t\t\t\t<svg aria-hidden=\"true\" class=\"e-font-icon-svg e-fas-file-download\" viewBox=\"0 0 384 512\" xmlns=\"http:\/\/www.w3.org\/2000\/svg\"><path d=\"M224 136V0H24C10.7 0 0 10.7 0 24v464c0 13.3 10.7 24 24 24h336c13.3 0 24-10.7 24-24V160H248c-13.2 0-24-10.8-24-24zm76.45 211.36l-96.42 95.7c-6.65 6.61-17.39 6.61-24.04 0l-96.42-95.7C73.42 337.29 80.54 320 94.82 320H160v-80c0-8.84 7.16-16 16-16h32c8.84 0 16 7.16 16 16v80h65.18c14.28 0 21.4 17.29 11.27 27.36zM377 105L279.1 7c-4.5-4.5-10.6-7-17-7H256v128h128v-6.1c0-6.3-2.5-12.4-7-16.9z\"><\/path><\/svg>\t\t\t<\/span>\n\t\t\t\t\t\t\t\t\t<span class=\"elementor-button-text\">Download the kit<\/span>\n\t\t\t\t\t<\/span>\n\t\t\t\t\t<\/a>\n\t\t<\/div>\n\t\t\t\t<\/div>\n\t\t\t\t<\/div>\n\t\t\t\t<\/div>\n\t\t\t\t<\/div>\n\t\t<div class=\"elementor-element elementor-element-abb234a e-con-full e-flex e-con e-child\" data-id=\"abb234a\" data-element_type=\"container\">\n\t\t\t\t<div class=\"elementor-element elementor-element-8e975ee elementor-widget elementor-widget-heading\" data-id=\"8e975ee\" data-element_type=\"widget\" data-widget_type=\"heading.default\">\n\t\t\t\t<div class=\"elementor-widget-container\">\n\t\t\t<h2 class=\"elementor-heading-title elementor-size-default\">TEETH WHITENING KIT<\/h2>\t\t<\/div>\n\t\t\t\t<\/div>\n\t\t<div class=\"elementor-element elementor-element-499b8b2 e-grid e-con-full e-con e-child\" data-id=\"499b8b2\" data-element_type=\"container\">\n\t\t\t\t<div class=\"elementor-element elementor-element-35f9591 elementor-widget elementor-widget-image\" data-id=\"35f9591\" data-element_type=\"widget\" data-widget_type=\"image.default\">\n\t\t\t\t<div class=\"elementor-widget-container\">\n\t\t\t\t\t\t\t\t\t\t\t\t\t\t<a href=\"\/wp-content\/uploads\/2024\/08\/Trousse5-Blanchiment-EN.pdf\" target=\"_blank\">\n\t\t\t\t\t\t\t<img loading=\"lazy\" decoding=\"async\" width=\"360\" height=\"507\" src=\"https:\/\/dev.drlechner.ca\/wp-content\/uploads\/2024\/08\/Trousse-Blanchiment-en.jpg\" class=\"attachment-medium_large size-medium_large wp-image-1291\" alt=\"\" srcset=\"https:\/\/dev.drlechner.ca\/wp-content\/uploads\/2024\/08\/Trousse-Blanchiment-en.jpg 360w, https:\/\/dev.drlechner.ca\/wp-content\/uploads\/2024\/08\/Trousse-Blanchiment-en-213x300.jpg 213w\" sizes=\"(max-width: 360px) 100vw, 360px\" \/>\t\t\t\t\t\t\t\t<\/a>\n\t\t\t\t\t\t\t\t\t\t\t\t\t<\/div>\n\t\t\t\t<\/div>\n\t\t\t\t<div class=\"elementor-element elementor-element-94bc5ed elementor-align-left elementor-widget elementor-widget-button\" data-id=\"94bc5ed\" data-element_type=\"widget\" data-widget_type=\"button.default\">\n\t\t\t\t<div class=\"elementor-widget-container\">\n\t\t\t\t\t<div class=\"elementor-button-wrapper\">\n\t\t\t<a class=\"elementor-button elementor-button-link elementor-size-sm\" href=\"\/wp-content\/uploads\/2024\/08\/Trousse5-Blanchiment-EN.pdf\" target=\"_blank\">\n\t\t\t\t\t\t<span class=\"elementor-button-content-wrapper\">\n\t\t\t\t\t\t<span class=\"elementor-button-icon\">\n\t\t\t\t<svg aria-hidden=\"true\" class=\"e-font-icon-svg e-fas-file-download\" viewBox=\"0 0 384 512\" xmlns=\"http:\/\/www.w3.org\/2000\/svg\"><path d=\"M224 136V0H24C10.7 0 0 10.7 0 24v464c0 13.3 10.7 24 24 24h336c13.3 0 24-10.7 24-24V160H248c-13.2 0-24-10.8-24-24zm76.45 211.36l-96.42 95.7c-6.65 6.61-17.39 6.61-24.04 0l-96.42-95.7C73.42 337.29 80.54 320 94.82 320H160v-80c0-8.84 7.16-16 16-16h32c8.84 0 16 7.16 16 16v80h65.18c14.28 0 21.4 17.29 11.27 27.36zM377 105L279.1 7c-4.5-4.5-10.6-7-17-7H256v128h128v-6.1c0-6.3-2.5-12.4-7-16.9z\"><\/path><\/svg>\t\t\t<\/span>\n\t\t\t\t\t\t\t\t\t<span class=\"elementor-button-text\">Download the kit<\/span>\n\t\t\t\t\t<\/span>\n\t\t\t\t\t<\/a>\n\t\t<\/div>\n\t\t\t\t<\/div>\n\t\t\t\t<\/div>\n\t\t\t\t<\/div>\n\t\t\t\t<\/div>\n\t\t\t\t<\/div>\n\t\t<div class=\"elementor-element elementor-element-04dac5e e-con-full e-flex e-con e-child\" data-id=\"04dac5e\" data-element_type=\"container\" data-settings=\"{&quot;sticky&quot;:&quot;top&quot;,&quot;sticky_parent&quot;:&quot;yes&quot;,&quot;sticky_on&quot;:[&quot;desktop&quot;,&quot;tablet_extra&quot;,&quot;tablet&quot;,&quot;mobile&quot;],&quot;sticky_offset&quot;:0,&quot;sticky_effects_offset&quot;:0}\">\n\t\t<div class=\"elementor-element elementor-element-ebd1855 e-con-full e-flex e-con e-child\" data-id=\"ebd1855\" data-element_type=\"container\" data-settings=\"{&quot;background_background&quot;:&quot;classic&quot;}\">\n\t\t\t\t<div class=\"elementor-element elementor-element-dc9e166 elementor-widget elementor-widget-heading\" data-id=\"dc9e166\" data-element_type=\"widget\" data-widget_type=\"heading.default\">\n\t\t\t\t<div class=\"elementor-widget-container\">\n\t\t\t<h4 class=\"elementor-heading-title elementor-size-default\">TEST&nbsp;YOUR FUTURE&nbsp;SMILE\n<br>IN 2 SIMULATION<br>VISITS<\/h4>\t\t<\/div>\n\t\t\t\t<\/div>\n\t\t\t\t<div class=\"elementor-element elementor-element-3ea4059 elementor-widget elementor-widget-heading\" data-id=\"3ea4059\" data-element_type=\"widget\" data-widget_type=\"heading.default\">\n\t\t\t\t<div class=\"elementor-widget-container\">\n\t\t\t<div class=\"elementor-heading-title elementor-size-default\">Online promotion<\/div>\t\t<\/div>\n\t\t\t\t<\/div>\n\t\t\t\t<div class=\"elementor-element elementor-element-b0a4608 elementor-widget elementor-widget-heading\" data-id=\"b0a4608\" data-element_type=\"widget\" data-widget_type=\"heading.default\">\n\t\t\t\t<div class=\"elementor-widget-container\">\n\t\t\t<span class=\"elementor-heading-title elementor-size-default\">For only<\/span>\t\t<\/div>\n\t\t\t\t<\/div>\n\t\t\t\t<div class=\"elementor-element elementor-element-47da1d0 elementor-widget elementor-widget-heading\" data-id=\"47da1d0\" data-element_type=\"widget\" data-widget_type=\"heading.default\">\n\t\t\t\t<div class=\"elementor-widget-container\">\n\t\t\t<span class=\"elementor-heading-title elementor-size-default\">$750<\/span>\t\t<\/div>\n\t\t\t\t<\/div>\n\t\t\t\t<div class=\"elementor-element elementor-element-42757a9 elementor-align-center elementor-widget elementor-widget-button\" data-id=\"42757a9\" data-element_type=\"widget\" data-widget_type=\"button.default\">\n\t\t\t\t<div class=\"elementor-widget-container\">\n\t\t\t\t\t<div class=\"elementor-button-wrapper\">\n\t\t\t<a class=\"elementor-button elementor-button-link elementor-size-sm\" href=\"\/en\/appointment\/\">\n\t\t\t\t\t\t<span class=\"elementor-button-content-wrapper\">\n\t\t\t\t\t\t\t\t\t<span class=\"elementor-button-text\">Make an appointment<\/span>\n\t\t\t\t\t<\/span>\n\t\t\t\t\t<\/a>\n\t\t<\/div>\n\t\t\t\t<\/div>\n\t\t\t\t<\/div>\n\t\t\t\t<\/div>\n\t\t<div class=\"elementor-element elementor-element-ef3160c e-con-full e-flex e-con e-child\" data-id=\"ef3160c\" data-element_type=\"container\" data-settings=\"{&quot;background_background&quot;:&quot;classic&quot;}\">\n\t\t\t\t<div class=\"elementor-element elementor-element-fef88f0 elementor-widget elementor-widget-heading\" data-id=\"fef88f0\" data-element_type=\"widget\" data-widget_type=\"heading.default\">\n\t\t\t\t<div class=\"elementor-widget-container\">\n\t\t\t<h4 class=\"elementor-heading-title elementor-size-default\">Cases - Before &amp; after<\/h4>\t\t<\/div>\n\t\t\t\t<\/div>\n\t\t\t\t<div class=\"elementor-element elementor-element-a4d3b58 elementor-widget elementor-widget-image\" data-id=\"a4d3b58\" data-element_type=\"widget\" data-widget_type=\"image.default\">\n\t\t\t\t<div class=\"elementor-widget-container\">\n\t\t\t\t\t\t\t\t\t\t\t\t\t\t<a href=\"\/en\/cases\/\">\n\t\t\t\t\t\t\t<img loading=\"lazy\" decoding=\"async\" width=\"600\" height=\"368\" src=\"https:\/\/dev.drlechner.ca\/wp-content\/uploads\/2024\/07\/blanchiement.jpg\" class=\"attachment-full size-full wp-image-864\" alt=\"\" srcset=\"https:\/\/dev.drlechner.ca\/wp-content\/uploads\/2024\/07\/blanchiement.jpg 600w, https:\/\/dev.drlechner.ca\/wp-content\/uploads\/2024\/07\/blanchiement-300x184.jpg 300w\" sizes=\"(max-width: 600px) 100vw, 600px\" \/>\t\t\t\t\t\t\t\t<\/a>\n\t\t\t\t\t\t\t\t\t\t\t\t\t<\/div>\n\t\t\t\t<\/div>\n\t\t\t\t<div class=\"elementor-element elementor-element-2ed7c9e elementor-widget elementor-widget-heading\" data-id=\"2ed7c9e\" data-element_type=\"widget\" data-widget_type=\"heading.default\">\n\t\t\t\t<div class=\"elementor-widget-container\">\n\t\t\t<p class=\"elementor-heading-title elementor-size-default\"><a href=\"\/en\/cases\/\">View our 20 \"Before\/After\"<br> clinical cases<\/a><\/p>\t\t<\/div>\n\t\t\t\t<\/div>\n\t\t\t\t<\/div>\n\t\t<div class=\"elementor-element elementor-element-70e4db0 e-con-full e-flex e-con e-child\" data-id=\"70e4db0\" data-element_type=\"container\" data-settings=\"{&quot;background_background&quot;:&quot;classic&quot;}\">\n\t\t\t\t<div class=\"elementor-element elementor-element-77f1063 elementor-widget elementor-widget-heading\" data-id=\"77f1063\" data-element_type=\"widget\" data-widget_type=\"heading.default\">\n\t\t\t\t<div class=\"elementor-widget-container\">\n\t\t\t<h4 class=\"elementor-heading-title elementor-size-default\">Smile with confidence thanks to our expertise in dental aesthetics<\/h4>\t\t<\/div>\n\t\t\t\t<\/div>\n\t\t\t\t<div class=\"elementor-element elementor-element-884700c elementor-align-center elementor-widget elementor-widget-button\" data-id=\"884700c\" data-element_type=\"widget\" data-widget_type=\"button.default\">\n\t\t\t\t<div class=\"elementor-widget-container\">\n\t\t\t\t\t<div class=\"elementor-button-wrapper\">\n\t\t\t<a class=\"elementor-button elementor-button-link elementor-size-sm\" href=\"\/en\/appointment\/\">\n\t\t\t\t\t\t<span class=\"elementor-button-content-wrapper\">\n\t\t\t\t\t\t\t\t\t<span class=\"elementor-button-text\">Schedule an appointment now!<\/span>\n\t\t\t\t\t<\/span>\n\t\t\t\t\t<\/a>\n\t\t<\/div>\n\t\t\t\t<\/div>\n\t\t\t\t<\/div>\n\t\t\t\t<\/div>\n\t\t\t\t<\/div>\n\t\t\t\t<\/div>\n\t\t\t\t<\/div>\n\t\t","protected":false},"excerpt":{"rendered":"<p>Information kits These information kits are designed to summarize the important information shared during your dental visit. They also allow you to consult them in depth, so you can make the best decision for your overall well-being. DENTAL AESTHETICS KIT Download the kit INVISALIGN\u00ae KIT Download the kit IMPLANT KIT Download the kit TEETH WHITENING [&hellip;]<\/p>\n","protected":false},"author":1,"featured_media":0,"parent":0,"menu_order":0,"comment_status":"closed","ping_status":"closed","template":"page-plain.php","meta":{"_acf_changed":false,"footnotes":""},"class_list":["post-1501","page","type-page","status-publish","hentry"],"acf":[],"yoast_head":"<!-- This site is optimized with the Yoast SEO plugin v23.5 - https:\/\/yoast.com\/wordpress\/plugins\/seo\/ -->\n<title>Information kits - Dr Lechner - Est\u00e9thique dentaire<\/title>\n<meta name=\"description\" content=\"Notre approche 1 2 3 - La solution id\u00e9ale pour retrouver votre plus beau sourire\" \/>\n<meta name=\"robots\" content=\"noindex, follow, max-snippet:-1, max-image-preview:large, max-video-preview:-1\" \/>\n<meta property=\"og:locale\" content=\"en_US\" \/>\n<meta property=\"og:type\" content=\"article\" \/>\n<meta property=\"og:title\" content=\"Information kits - Dr Lechner - Est\u00e9thique dentaire\" \/>\n<meta property=\"og:description\" content=\"Notre approche 1 2 3 - La solution id\u00e9ale pour retrouver votre plus beau sourire\" \/>\n<meta property=\"og:url\" content=\"https:\/\/dev.drlechner.ca\/en\/kits\/\" \/>\n<meta property=\"og:site_name\" content=\"Dr Lechner - Est\u00e9thique dentaire\" \/>\n<meta property=\"article:modified_time\" content=\"2024-10-08T01:26:46+00:00\" \/>\n<meta property=\"og:image\" content=\"https:\/\/dev.drlechner.ca\/wp-content\/uploads\/2024\/08\/Trousse-Esthetique-en.jpg\" \/>\n<meta name=\"twitter:card\" content=\"summary_large_image\" \/>\n<meta name=\"twitter:label1\" content=\"Est. reading time\" \/>\n\t<meta name=\"twitter:data1\" content=\"2 minutes\" \/>\n<script type=\"application\/ld+json\" class=\"yoast-schema-graph\">{\"@context\":\"https:\/\/schema.org\",\"@graph\":[{\"@type\":\"WebPage\",\"@id\":\"https:\/\/dev.drlechner.ca\/en\/kits\/\",\"url\":\"https:\/\/dev.drlechner.ca\/en\/kits\/\",\"name\":\"Information kits - Dr Lechner - Est\u00e9thique dentaire\",\"isPartOf\":{\"@id\":\"https:\/\/dev.drlechner.ca\/en\/#website\"},\"primaryImageOfPage\":{\"@id\":\"https:\/\/dev.drlechner.ca\/en\/kits\/#primaryimage\"},\"image\":{\"@id\":\"https:\/\/dev.drlechner.ca\/en\/kits\/#primaryimage\"},\"thumbnailUrl\":\"https:\/\/dev.drlechner.ca\/wp-content\/uploads\/2024\/08\/Trousse-Esthetique-en.jpg\",\"datePublished\":\"2024-08-26T03:45:58+00:00\",\"dateModified\":\"2024-10-08T01:26:46+00:00\",\"description\":\"Notre approche 1 2 3 - La solution id\u00e9ale pour retrouver votre plus beau sourire\",\"breadcrumb\":{\"@id\":\"https:\/\/dev.drlechner.ca\/en\/kits\/#breadcrumb\"},\"inLanguage\":\"en-US\",\"potentialAction\":[{\"@type\":\"ReadAction\",\"target\":[\"https:\/\/dev.drlechner.ca\/en\/kits\/\"]}]},{\"@type\":\"ImageObject\",\"inLanguage\":\"en-US\",\"@id\":\"https:\/\/dev.drlechner.ca\/en\/kits\/#primaryimage\",\"url\":\"https:\/\/dev.drlechner.ca\/wp-content\/uploads\/2024\/08\/Trousse-Esthetique-en.jpg\",\"contentUrl\":\"https:\/\/dev.drlechner.ca\/wp-content\/uploads\/2024\/08\/Trousse-Esthetique-en.jpg\"},{\"@type\":\"BreadcrumbList\",\"@id\":\"https:\/\/dev.drlechner.ca\/en\/kits\/#breadcrumb\",\"itemListElement\":[{\"@type\":\"ListItem\",\"position\":1,\"name\":\"Accueil\",\"item\":\"https:\/\/dev.drlechner.ca\/en\/\"},{\"@type\":\"ListItem\",\"position\":2,\"name\":\"Information kits\"}]},{\"@type\":\"WebSite\",\"@id\":\"https:\/\/dev.drlechner.ca\/en\/#website\",\"url\":\"https:\/\/dev.drlechner.ca\/en\/\",\"name\":\"Dr Lechner - Est\u00e9thique dentaire\",\"description\":\"Souriez avec confiance gr\u00e2ce \u00e0 notre expertise en esth\u00e9tique dentaire\",\"potentialAction\":[{\"@type\":\"SearchAction\",\"target\":{\"@type\":\"EntryPoint\",\"urlTemplate\":\"https:\/\/dev.drlechner.ca\/en\/?s={search_term_string}\"},\"query-input\":{\"@type\":\"PropertyValueSpecification\",\"valueRequired\":true,\"valueName\":\"search_term_string\"}}],\"inLanguage\":\"en-US\"}]}<\/script>\n<!-- \/ Yoast SEO plugin. -->","yoast_head_json":{"title":"Information kits - Dr Lechner - Est\u00e9thique dentaire","description":"Notre approche 1 2 3 - La solution id\u00e9ale pour retrouver votre plus beau sourire","robots":{"index":"noindex","follow":"follow","max-snippet":"max-snippet:-1","max-image-preview":"max-image-preview:large","max-video-preview":"max-video-preview:-1"},"og_locale":"en_US","og_type":"article","og_title":"Information kits - Dr Lechner - Est\u00e9thique dentaire","og_description":"Notre approche 1 2 3 - La solution id\u00e9ale pour retrouver votre plus beau sourire","og_url":"https:\/\/dev.drlechner.ca\/en\/kits\/","og_site_name":"Dr Lechner - Est\u00e9thique dentaire","article_modified_time":"2024-10-08T01:26:46+00:00","og_image":[{"url":"https:\/\/dev.drlechner.ca\/wp-content\/uploads\/2024\/08\/Trousse-Esthetique-en.jpg"}],"twitter_card":"summary_large_image","twitter_misc":{"Est. reading time":"2 minutes"},"schema":{"@context":"https:\/\/schema.org","@graph":[{"@type":"WebPage","@id":"https:\/\/dev.drlechner.ca\/en\/kits\/","url":"https:\/\/dev.drlechner.ca\/en\/kits\/","name":"Information kits - Dr Lechner - Est\u00e9thique dentaire","isPartOf":{"@id":"https:\/\/dev.drlechner.ca\/en\/#website"},"primaryImageOfPage":{"@id":"https:\/\/dev.drlechner.ca\/en\/kits\/#primaryimage"},"image":{"@id":"https:\/\/dev.drlechner.ca\/en\/kits\/#primaryimage"},"thumbnailUrl":"https:\/\/dev.drlechner.ca\/wp-content\/uploads\/2024\/08\/Trousse-Esthetique-en.jpg","datePublished":"2024-08-26T03:45:58+00:00","dateModified":"2024-10-08T01:26:46+00:00","description":"Notre approche 1 2 3 - La solution id\u00e9ale pour retrouver votre plus beau sourire","breadcrumb":{"@id":"https:\/\/dev.drlechner.ca\/en\/kits\/#breadcrumb"},"inLanguage":"en-US","potentialAction":[{"@type":"ReadAction","target":["https:\/\/dev.drlechner.ca\/en\/kits\/"]}]},{"@type":"ImageObject","inLanguage":"en-US","@id":"https:\/\/dev.drlechner.ca\/en\/kits\/#primaryimage","url":"https:\/\/dev.drlechner.ca\/wp-content\/uploads\/2024\/08\/Trousse-Esthetique-en.jpg","contentUrl":"https:\/\/dev.drlechner.ca\/wp-content\/uploads\/2024\/08\/Trousse-Esthetique-en.jpg"},{"@type":"BreadcrumbList","@id":"https:\/\/dev.drlechner.ca\/en\/kits\/#breadcrumb","itemListElement":[{"@type":"ListItem","position":1,"name":"Accueil","item":"https:\/\/dev.drlechner.ca\/en\/"},{"@type":"ListItem","position":2,"name":"Information kits"}]},{"@type":"WebSite","@id":"https:\/\/dev.drlechner.ca\/en\/#website","url":"https:\/\/dev.drlechner.ca\/en\/","name":"Dr Lechner - Est\u00e9thique dentaire","description":"Souriez avec confiance gr\u00e2ce \u00e0 notre expertise en esth\u00e9tique dentaire","potentialAction":[{"@type":"SearchAction","target":{"@type":"EntryPoint","urlTemplate":"https:\/\/dev.drlechner.ca\/en\/?s={search_term_string}"},"query-input":{"@type":"PropertyValueSpecification","valueRequired":true,"valueName":"search_term_string"}}],"inLanguage":"en-US"}]}},"_links":{"self":[{"href":"https:\/\/dev.drlechner.ca\/en\/wp-json\/wp\/v2\/pages\/1501"}],"collection":[{"href":"https:\/\/dev.drlechner.ca\/en\/wp-json\/wp\/v2\/pages"}],"about":[{"href":"https:\/\/dev.drlechner.ca\/en\/wp-json\/wp\/v2\/types\/page"}],"author":[{"embeddable":true,"href":"https:\/\/dev.drlechner.ca\/en\/wp-json\/wp\/v2\/users\/1"}],"replies":[{"embeddable":true,"href":"https:\/\/dev.drlechner.ca\/en\/wp-json\/wp\/v2\/comments?post=1501"}],"version-history":[{"count":20,"href":"https:\/\/dev.drlechner.ca\/en\/wp-json\/wp\/v2\/pages\/1501\/revisions"}],"predecessor-version":[{"id":2029,"href":"https:\/\/dev.drlechner.ca\/en\/wp-json\/wp\/v2\/pages\/1501\/revisions\/2029"}],"wp:attachment":[{"href":"https:\/\/dev.drlechner.ca\/en\/wp-json\/wp\/v2\/media?parent=1501"}],"curies":[{"name":"wp","href":"https:\/\/api.w.org\/{rel}","templated":true}]}}