

{"id":1566,"date":"2024-08-01T23:56:46","date_gmt":"2024-08-02T03:56:46","guid":{"rendered":"https:\/\/dev.drlechner.ca\/rendez-vous\/"},"modified":"2024-10-07T21:43:44","modified_gmt":"2024-10-08T01:43:44","slug":"appointment","status":"publish","type":"page","link":"https:\/\/dev.drlechner.ca\/en\/appointment\/","title":{"rendered":"Make an appointment"},"content":{"rendered":"\t\t<div data-elementor-type=\"wp-post\" data-elementor-id=\"1566\" class=\"elementor elementor-1566 elementor-1021\" data-elementor-post-type=\"page\">\n\t\t\t\t<div class=\"elementor-element elementor-element-c6775b5 e-con-full e-flex e-con e-parent\" data-id=\"c6775b5\" data-element_type=\"container\">\n\t\t<div class=\"elementor-element elementor-element-a7aba8b e-con-full e-flex e-con e-child\" data-id=\"a7aba8b\" data-element_type=\"container\">\n\t\t\t\t<div class=\"elementor-element elementor-element-f4565b6 elementor-widget elementor-widget-heading\" data-id=\"f4565b6\" data-element_type=\"widget\" id=\"approche\" data-widget_type=\"heading.default\">\n\t\t\t\t<div class=\"elementor-widget-container\">\n\t\t\t<h1 class=\"elementor-heading-title elementor-size-default\">Make an appointment<\/h1>\t\t<\/div>\n\t\t\t\t<\/div>\n\t\t\t\t<div class=\"elementor-element elementor-element-b85e79f elementor-widget elementor-widget-text-editor\" data-id=\"b85e79f\" data-element_type=\"widget\" data-widget_type=\"text-editor.default\">\n\t\t\t\t<div class=\"elementor-widget-container\">\n\t\t\t\t\t\t\t<h2>Book an appointment for a perfect smile!<\/h2>\nPlease book an appointment by contacting us by phone at <a href=\"tel:5147390097\"><strong>514 739-0097<\/strong><\/a>, by email at <strong><a href=\"mailto:info@drlechner.ca\">info@drlechner.ca<\/a><\/strong> or by filling out the form below.\t\t\t\t\t\t<\/div>\n\t\t\t\t<\/div>\n\t\t\t\t<div class=\"elementor-element elementor-element-a6474dc elementor-widget elementor-widget-text-editor\" data-id=\"a6474dc\" data-element_type=\"widget\" data-widget_type=\"text-editor.default\">\n\t\t\t\t<div class=\"elementor-widget-container\">\n\t\t\t\t\t\t\tMandatory information <span style=\"color: red;\">*<\/span>\t\t\t\t\t\t<\/div>\n\t\t\t\t<\/div>\n\t\t\t\t<div class=\"elementor-element elementor-element-b72fa70 elementor-button-align-stretch elementor-widget elementor-widget-form\" data-id=\"b72fa70\" data-element_type=\"widget\" data-settings=\"{&quot;button_width&quot;:&quot;33&quot;,&quot;step_next_label&quot;:&quot;Suivant&quot;,&quot;step_previous_label&quot;:&quot;Pr\\u00e9c\\u00e9dent&quot;,&quot;step_type&quot;:&quot;number_text&quot;,&quot;step_icon_shape&quot;:&quot;circle&quot;}\" data-widget_type=\"form.default\">\n\t\t\t\t<div class=\"elementor-widget-container\">\n\t\t\t\t\t<form class=\"elementor-form\" method=\"post\" name=\"Nouveau formulaire\">\n\t\t\t<input type=\"hidden\" name=\"post_id\" value=\"1566\"\/>\n\t\t\t<input type=\"hidden\" name=\"form_id\" value=\"b72fa70\"\/>\n\t\t\t<input type=\"hidden\" name=\"referer_title\" value=\"Dr Lechner &#8211;  Est\u00e9thique dentaire\" \/>\n\n\t\t\t\n\t\t\t<div class=\"elementor-form-fields-wrapper elementor-labels-above\">\n\t\t\t\t\t\t\t\t<div class=\"elementor-field-type-text elementor-field-group elementor-column elementor-field-group-field_948d9e3 elementor-col-50 elementor-field-required elementor-mark-required\">\n\t\t\t\t\t\t\t\t\t\t\t\t<label for=\"form-field-field_948d9e3\" class=\"elementor-field-label\">\n\t\t\t\t\t\t\t\tFirst name\t\t\t\t\t\t\t<\/label>\n\t\t\t\t\t\t\t\t\t\t\t\t\t\t<input size=\"1\" type=\"text\" name=\"form_fields[field_948d9e3]\" id=\"form-field-field_948d9e3\" class=\"elementor-field elementor-size-lg  elementor-field-textual\" required=\"required\" aria-required=\"true\">\n\t\t\t\t\t\t\t\t\t\t\t<\/div>\n\t\t\t\t\t\t\t\t<div class=\"elementor-field-type-text elementor-field-group elementor-column elementor-field-group-name elementor-col-50 elementor-field-required elementor-mark-required\">\n\t\t\t\t\t\t\t\t\t\t\t\t<label for=\"form-field-name\" class=\"elementor-field-label\">\n\t\t\t\t\t\t\t\tLast name\t\t\t\t\t\t\t<\/label>\n\t\t\t\t\t\t\t\t\t\t\t\t\t\t<input size=\"1\" type=\"text\" name=\"form_fields[name]\" id=\"form-field-name\" class=\"elementor-field elementor-size-lg  elementor-field-textual\" required=\"required\" aria-required=\"true\">\n\t\t\t\t\t\t\t\t\t\t\t<\/div>\n\t\t\t\t\t\t\t\t<div class=\"elementor-field-type-email elementor-field-group elementor-column elementor-field-group-email elementor-col-50 elementor-field-required elementor-mark-required\">\n\t\t\t\t\t\t\t\t\t\t\t\t<label for=\"form-field-email\" class=\"elementor-field-label\">\n\t\t\t\t\t\t\t\tEmail\t\t\t\t\t\t\t<\/label>\n\t\t\t\t\t\t\t\t\t\t\t\t\t\t<input size=\"1\" type=\"email\" name=\"form_fields[email]\" id=\"form-field-email\" class=\"elementor-field elementor-size-lg  elementor-field-textual\" required=\"required\" aria-required=\"true\">\n\t\t\t\t\t\t\t\t\t\t\t<\/div>\n\t\t\t\t\t\t\t\t<div class=\"elementor-field-type-tel elementor-field-group elementor-column elementor-field-group-field_625b9f2 elementor-col-50 elementor-field-required elementor-mark-required\">\n\t\t\t\t\t\t\t\t\t\t\t\t<label for=\"form-field-field_625b9f2\" class=\"elementor-field-label\">\n\t\t\t\t\t\t\t\tPhone\t\t\t\t\t\t\t<\/label>\n\t\t\t\t\t\t\t\t<input size=\"1\" type=\"tel\" name=\"form_fields[field_625b9f2]\" id=\"form-field-field_625b9f2\" class=\"elementor-field elementor-size-lg  elementor-field-textual\" required=\"required\" aria-required=\"true\" pattern=\"[0-9()#&amp;+*-=.]+\" title=\"Only numbers and phone characters (#, -, *, etc) are accepted.\">\n\n\t\t\t\t\t\t<\/div>\n\t\t\t\t\t\t\t\t<div class=\"elementor-field-type-select elementor-field-group elementor-column elementor-field-group-field_ab74ce2 elementor-col-100 elementor-field-required elementor-mark-required\">\n\t\t\t\t\t\t\t\t\t\t\t\t<label for=\"form-field-field_ab74ce2\" class=\"elementor-field-label\">\n\t\t\t\t\t\t\t\tType of service required\t\t\t\t\t\t\t<\/label>\n\t\t\t\t\t\t\t\t<div class=\"elementor-field elementor-select-wrapper remove-before \">\n\t\t\t<div class=\"select-caret-down-wrapper\">\n\t\t\t\t<svg aria-hidden=\"true\" class=\"e-font-icon-svg e-eicon-caret-down\" viewBox=\"0 0 571.4 571.4\" xmlns=\"http:\/\/www.w3.org\/2000\/svg\"><path d=\"M571 393Q571 407 561 418L311 668Q300 679 286 679T261 668L11 418Q0 407 0 393T11 368 36 357H536Q550 357 561 368T571 393Z\"><\/path><\/svg>\t\t\t<\/div>\n\t\t\t<select name=\"form_fields[field_ab74ce2]\" id=\"form-field-field_ab74ce2\" class=\"elementor-field-textual elementor-size-lg\" required=\"required\" aria-required=\"true\">\n\t\t\t\t\t\t\t\t\t<option value=\"Initial consultation\">Initial consultation<\/option>\n\t\t\t\t\t\t\t\t\t<option value=\"Tooth whitening\">Tooth whitening<\/option>\n\t\t\t\t\t\t\t\t\t<option value=\"Dental veneers\">Dental veneers<\/option>\n\t\t\t\t\t\t\t\t\t<option value=\"Invisible aligners\">Invisible aligners<\/option>\n\t\t\t\t\t\t\t\t\t<option value=\"Smile reshaping\">Smile reshaping<\/option>\n\t\t\t\t\t\t\t\t\t<option value=\"Other\">Other<\/option>\n\t\t\t\t\t\t\t<\/select>\n\t\t<\/div>\n\t\t\t\t\t\t<\/div>\n\t\t\t\t\t\t\t\t<div class=\"elementor-field-type-checkbox elementor-field-group elementor-column elementor-field-group-field_17c3a38 elementor-col-100\">\n\t\t\t\t\t\t\t\t\t\t\t\t<label for=\"form-field-field_17c3a38\" class=\"elementor-field-label\">\n\t\t\t\t\t\t\t\tBest time of day to contact you?\t\t\t\t\t\t\t<\/label>\n\t\t\t\t\t\t<div class=\"elementor-field-subgroup  elementor-subgroup-inline\"><span class=\"elementor-field-option\"><input type=\"checkbox\" value=\"AM\" id=\"form-field-field_17c3a38-0\" name=\"form_fields[field_17c3a38][]\"> <label for=\"form-field-field_17c3a38-0\">AM<\/label><\/span><span class=\"elementor-field-option\"><input type=\"checkbox\" value=\"PM\" id=\"form-field-field_17c3a38-1\" name=\"form_fields[field_17c3a38][]\"> <label for=\"form-field-field_17c3a38-1\">PM<\/label><\/span><span class=\"elementor-field-option\"><input type=\"checkbox\" value=\"EVENING\" id=\"form-field-field_17c3a38-2\" name=\"form_fields[field_17c3a38][]\"> <label for=\"form-field-field_17c3a38-2\">EVENING<\/label><\/span><\/div>\t\t\t\t<\/div>\n\t\t\t\t\t\t\t\t<div class=\"elementor-field-type-textarea elementor-field-group elementor-column elementor-field-group-field_6481369 elementor-col-100\">\n\t\t\t\t\t\t\t\t\t\t\t\t<label for=\"form-field-field_6481369\" class=\"elementor-field-label\">\n\t\t\t\t\t\t\t\tAdditional comments or questions :\t\t\t\t\t\t\t<\/label>\n\t\t\t\t\t\t<textarea class=\"elementor-field-textual elementor-field  elementor-size-lg\" name=\"form_fields[field_6481369]\" id=\"form-field-field_6481369\" rows=\"4\"><\/textarea>\t\t\t\t<\/div>\n\t\t\t\t\t\t\t\t<div class=\"elementor-field-type-acceptance elementor-field-group elementor-column elementor-field-group-field_399101f elementor-col-100 elementor-field-required elementor-mark-required\">\n\t\t\t\t\t\t\t<div class=\"elementor-field-subgroup\">\n\t\t\t<span class=\"elementor-field-option\">\n\t\t\t\t<input type=\"checkbox\" name=\"form_fields[field_399101f]\" id=\"form-field-field_399101f\" class=\"elementor-field elementor-size-lg  elementor-acceptance-field\" required=\"required\" aria-required=\"true\">\n\t\t\t\t<label for=\"form-field-field_399101f\">I agree to receive communications from the dental office regarding my appointment and other relevant information. We respect your privacy and are committed to protecting your personal data. For more information, please see our <a href=\"\/privacy-policy\/\">privacy policy<\/a>.<\/label>\t\t\t<\/span>\n\t\t<\/div>\n\t\t\t\t\t\t<\/div>\n\t\t\t\t\t\t\t\t<div class=\"elementor-field-group elementor-column elementor-field-type-submit elementor-col-33 e-form__buttons\">\n\t\t\t\t\t<button class=\"elementor-button elementor-size-lg\" type=\"submit\">\n\t\t\t\t\t\t<span class=\"elementor-button-content-wrapper\">\n\t\t\t\t\t\t\t\t\t\t\t\t\t\t\t\t\t\t\t\t\t\t<span class=\"elementor-button-text\">SEND<\/span>\n\t\t\t\t\t\t\t\t\t\t\t\t\t<\/span>\n\t\t\t\t\t<\/button>\n\t\t\t\t<\/div>\n\t\t\t<\/div>\n\t\t<\/form>\n\t\t\t\t<\/div>\n\t\t\t\t<\/div>\n\t\t\t\t<\/div>\n\t\t<div class=\"elementor-element elementor-element-249b0bc e-con-full e-flex e-con e-child\" data-id=\"249b0bc\" data-element_type=\"container\" data-settings=\"{&quot;sticky&quot;:&quot;top&quot;,&quot;sticky_parent&quot;:&quot;yes&quot;,&quot;sticky_on&quot;:[&quot;desktop&quot;,&quot;tablet_extra&quot;,&quot;tablet&quot;,&quot;mobile&quot;],&quot;sticky_offset&quot;:0,&quot;sticky_effects_offset&quot;:0}\">\n\t\t<div class=\"elementor-element elementor-element-b261366 e-con-full e-flex e-con e-child\" data-id=\"b261366\" data-element_type=\"container\" data-settings=\"{&quot;background_background&quot;:&quot;classic&quot;}\">\n\t\t\t\t<div class=\"elementor-element elementor-element-e75180c elementor-widget elementor-widget-heading\" data-id=\"e75180c\" data-element_type=\"widget\" data-widget_type=\"heading.default\">\n\t\t\t\t<div class=\"elementor-widget-container\">\n\t\t\t<h4 class=\"elementor-heading-title elementor-size-default\">TEST&nbsp;YOUR FUTURE&nbsp;SMILE\n<br>IN 2 SIMULATION<br>VISITS<\/h4>\t\t<\/div>\n\t\t\t\t<\/div>\n\t\t\t\t<div class=\"elementor-element elementor-element-6e3887d elementor-widget elementor-widget-heading\" data-id=\"6e3887d\" data-element_type=\"widget\" data-widget_type=\"heading.default\">\n\t\t\t\t<div class=\"elementor-widget-container\">\n\t\t\t<div class=\"elementor-heading-title elementor-size-default\">Online promotion<\/div>\t\t<\/div>\n\t\t\t\t<\/div>\n\t\t\t\t<div class=\"elementor-element elementor-element-449032d elementor-widget elementor-widget-heading\" data-id=\"449032d\" data-element_type=\"widget\" data-widget_type=\"heading.default\">\n\t\t\t\t<div class=\"elementor-widget-container\">\n\t\t\t<span class=\"elementor-heading-title elementor-size-default\">For only<\/span>\t\t<\/div>\n\t\t\t\t<\/div>\n\t\t\t\t<div class=\"elementor-element elementor-element-e05aa30 elementor-widget elementor-widget-heading\" data-id=\"e05aa30\" data-element_type=\"widget\" data-widget_type=\"heading.default\">\n\t\t\t\t<div class=\"elementor-widget-container\">\n\t\t\t<span class=\"elementor-heading-title elementor-size-default\">$750<\/span>\t\t<\/div>\n\t\t\t\t<\/div>\n\t\t\t\t<\/div>\n\t\t<div class=\"elementor-element elementor-element-8aca691 e-con-full e-flex e-con e-child\" data-id=\"8aca691\" data-element_type=\"container\" data-settings=\"{&quot;background_background&quot;:&quot;classic&quot;}\">\n\t\t\t\t<div class=\"elementor-element elementor-element-f3de97b elementor-widget elementor-widget-heading\" data-id=\"f3de97b\" data-element_type=\"widget\" data-widget_type=\"heading.default\">\n\t\t\t\t<div class=\"elementor-widget-container\">\n\t\t\t<h4 class=\"elementor-heading-title elementor-size-default\">Cases - Before &amp; after<\/h4>\t\t<\/div>\n\t\t\t\t<\/div>\n\t\t\t\t<div class=\"elementor-element elementor-element-d7f6285 elementor-widget elementor-widget-image\" data-id=\"d7f6285\" data-element_type=\"widget\" data-widget_type=\"image.default\">\n\t\t\t\t<div class=\"elementor-widget-container\">\n\t\t\t\t\t\t\t\t\t\t\t\t\t\t<a href=\"\/en\/cases\/\">\n\t\t\t\t\t\t\t<img fetchpriority=\"high\" decoding=\"async\" width=\"600\" height=\"368\" src=\"https:\/\/dev.drlechner.ca\/wp-content\/uploads\/2024\/07\/blanchiement.jpg\" class=\"attachment-full size-full wp-image-864\" alt=\"\" srcset=\"https:\/\/dev.drlechner.ca\/wp-content\/uploads\/2024\/07\/blanchiement.jpg 600w, https:\/\/dev.drlechner.ca\/wp-content\/uploads\/2024\/07\/blanchiement-300x184.jpg 300w\" sizes=\"(max-width: 600px) 100vw, 600px\" \/>\t\t\t\t\t\t\t\t<\/a>\n\t\t\t\t\t\t\t\t\t\t\t\t\t<\/div>\n\t\t\t\t<\/div>\n\t\t\t\t<div class=\"elementor-element elementor-element-b9e940e elementor-widget elementor-widget-heading\" data-id=\"b9e940e\" data-element_type=\"widget\" data-widget_type=\"heading.default\">\n\t\t\t\t<div class=\"elementor-widget-container\">\n\t\t\t<p class=\"elementor-heading-title elementor-size-default\"><a href=\"\/en\/cases\/\">View our 20 \"Before\/After\"<br> clinical cases<\/a><\/p>\t\t<\/div>\n\t\t\t\t<\/div>\n\t\t\t\t<\/div>\n\t\t<div class=\"elementor-element elementor-element-8e91fbe e-con-full e-flex e-con e-child\" data-id=\"8e91fbe\" data-element_type=\"container\" data-settings=\"{&quot;background_background&quot;:&quot;classic&quot;}\">\n\t\t\t\t<div class=\"elementor-element elementor-element-014c21e elementor-widget elementor-widget-heading\" data-id=\"014c21e\" data-element_type=\"widget\" data-widget_type=\"heading.default\">\n\t\t\t\t<div class=\"elementor-widget-container\">\n\t\t\t<h4 class=\"elementor-heading-title elementor-size-default\">Smile with confidence thanks to our expertise in dental aesthetics<\/h4>\t\t<\/div>\n\t\t\t\t<\/div>\n\t\t\t\t<\/div>\n\t\t\t\t<\/div>\n\t\t\t\t<\/div>\n\t\t\t\t<\/div>\n\t\t","protected":false},"excerpt":{"rendered":"<p>Make an appointment Book an appointment for a perfect smile! Please book an appointment by contacting us by phone at 514 739-0097, by email at info@drlechner.ca or by filling out the form below.Mandatory information * TEST&nbsp;YOUR FUTURE&nbsp;SMILE IN 2 SIMULATIONVISITS Online promotion For only $750 Cases &#8211; Before &amp; after View our 20 &#8220;Before\/After&#8221; clinical [&hellip;]<\/p>\n","protected":false},"author":1,"featured_media":0,"parent":0,"menu_order":0,"comment_status":"closed","ping_status":"closed","template":"page-plain.php","meta":{"_acf_changed":false,"footnotes":""},"class_list":["post-1566","page","type-page","status-publish","hentry"],"acf":[],"yoast_head":"<!-- This site is optimized with the Yoast SEO plugin v23.5 - https:\/\/yoast.com\/wordpress\/plugins\/seo\/ -->\n<title>Make an appointment - Dr Lechner - Est\u00e9thique dentaire<\/title>\n<meta name=\"description\" content=\"Notre approche 1 2 3 - La solution id\u00e9ale pour retrouver votre plus beau sourire\" \/>\n<meta name=\"robots\" content=\"noindex, follow, max-snippet:-1, max-image-preview:large, max-video-preview:-1\" \/>\n<meta property=\"og:locale\" content=\"en_US\" \/>\n<meta property=\"og:type\" content=\"article\" \/>\n<meta property=\"og:title\" content=\"Make an appointment - Dr Lechner - Est\u00e9thique dentaire\" \/>\n<meta property=\"og:description\" content=\"Notre approche 1 2 3 - La solution id\u00e9ale pour retrouver votre plus beau sourire\" \/>\n<meta property=\"og:url\" content=\"https:\/\/dev.drlechner.ca\/en\/appointment\/\" \/>\n<meta property=\"og:site_name\" content=\"Dr Lechner - Est\u00e9thique dentaire\" \/>\n<meta property=\"article:modified_time\" content=\"2024-10-08T01:43:44+00:00\" \/>\n<meta property=\"og:image\" content=\"https:\/\/dev.drlechner.ca\/wp-content\/uploads\/2024\/07\/blanchiement.jpg\" \/>\n<meta name=\"twitter:card\" content=\"summary_large_image\" \/>\n<meta name=\"twitter:label1\" content=\"Est. reading time\" \/>\n\t<meta name=\"twitter:data1\" content=\"1 minute\" \/>\n<script type=\"application\/ld+json\" class=\"yoast-schema-graph\">{\"@context\":\"https:\/\/schema.org\",\"@graph\":[{\"@type\":\"WebPage\",\"@id\":\"https:\/\/dev.drlechner.ca\/en\/appointment\/\",\"url\":\"https:\/\/dev.drlechner.ca\/en\/appointment\/\",\"name\":\"Make an appointment - Dr Lechner - Est\u00e9thique dentaire\",\"isPartOf\":{\"@id\":\"https:\/\/dev.drlechner.ca\/en\/#website\"},\"primaryImageOfPage\":{\"@id\":\"https:\/\/dev.drlechner.ca\/en\/appointment\/#primaryimage\"},\"image\":{\"@id\":\"https:\/\/dev.drlechner.ca\/en\/appointment\/#primaryimage\"},\"thumbnailUrl\":\"https:\/\/dev.drlechner.ca\/wp-content\/uploads\/2024\/07\/blanchiement.jpg\",\"datePublished\":\"2024-08-02T03:56:46+00:00\",\"dateModified\":\"2024-10-08T01:43:44+00:00\",\"description\":\"Notre approche 1 2 3 - La solution id\u00e9ale pour retrouver votre plus beau sourire\",\"breadcrumb\":{\"@id\":\"https:\/\/dev.drlechner.ca\/en\/appointment\/#breadcrumb\"},\"inLanguage\":\"en-US\",\"potentialAction\":[{\"@type\":\"ReadAction\",\"target\":[\"https:\/\/dev.drlechner.ca\/en\/appointment\/\"]}]},{\"@type\":\"ImageObject\",\"inLanguage\":\"en-US\",\"@id\":\"https:\/\/dev.drlechner.ca\/en\/appointment\/#primaryimage\",\"url\":\"https:\/\/dev.drlechner.ca\/wp-content\/uploads\/2024\/07\/blanchiement.jpg\",\"contentUrl\":\"https:\/\/dev.drlechner.ca\/wp-content\/uploads\/2024\/07\/blanchiement.jpg\"},{\"@type\":\"BreadcrumbList\",\"@id\":\"https:\/\/dev.drlechner.ca\/en\/appointment\/#breadcrumb\",\"itemListElement\":[{\"@type\":\"ListItem\",\"position\":1,\"name\":\"Accueil\",\"item\":\"https:\/\/dev.drlechner.ca\/en\/\"},{\"@type\":\"ListItem\",\"position\":2,\"name\":\"Make an appointment\"}]},{\"@type\":\"WebSite\",\"@id\":\"https:\/\/dev.drlechner.ca\/en\/#website\",\"url\":\"https:\/\/dev.drlechner.ca\/en\/\",\"name\":\"Dr Lechner - Est\u00e9thique dentaire\",\"description\":\"Souriez avec confiance gr\u00e2ce \u00e0 notre expertise en esth\u00e9tique dentaire\",\"potentialAction\":[{\"@type\":\"SearchAction\",\"target\":{\"@type\":\"EntryPoint\",\"urlTemplate\":\"https:\/\/dev.drlechner.ca\/en\/?s={search_term_string}\"},\"query-input\":{\"@type\":\"PropertyValueSpecification\",\"valueRequired\":true,\"valueName\":\"search_term_string\"}}],\"inLanguage\":\"en-US\"}]}<\/script>\n<!-- \/ Yoast SEO plugin. -->","yoast_head_json":{"title":"Make an appointment - Dr Lechner - Est\u00e9thique dentaire","description":"Notre approche 1 2 3 - La solution id\u00e9ale pour retrouver votre plus beau sourire","robots":{"index":"noindex","follow":"follow","max-snippet":"max-snippet:-1","max-image-preview":"max-image-preview:large","max-video-preview":"max-video-preview:-1"},"og_locale":"en_US","og_type":"article","og_title":"Make an appointment - Dr Lechner - Est\u00e9thique dentaire","og_description":"Notre approche 1 2 3 - La solution id\u00e9ale pour retrouver votre plus beau sourire","og_url":"https:\/\/dev.drlechner.ca\/en\/appointment\/","og_site_name":"Dr Lechner - Est\u00e9thique dentaire","article_modified_time":"2024-10-08T01:43:44+00:00","og_image":[{"url":"https:\/\/dev.drlechner.ca\/wp-content\/uploads\/2024\/07\/blanchiement.jpg"}],"twitter_card":"summary_large_image","twitter_misc":{"Est. reading time":"1 minute"},"schema":{"@context":"https:\/\/schema.org","@graph":[{"@type":"WebPage","@id":"https:\/\/dev.drlechner.ca\/en\/appointment\/","url":"https:\/\/dev.drlechner.ca\/en\/appointment\/","name":"Make an appointment - Dr Lechner - Est\u00e9thique dentaire","isPartOf":{"@id":"https:\/\/dev.drlechner.ca\/en\/#website"},"primaryImageOfPage":{"@id":"https:\/\/dev.drlechner.ca\/en\/appointment\/#primaryimage"},"image":{"@id":"https:\/\/dev.drlechner.ca\/en\/appointment\/#primaryimage"},"thumbnailUrl":"https:\/\/dev.drlechner.ca\/wp-content\/uploads\/2024\/07\/blanchiement.jpg","datePublished":"2024-08-02T03:56:46+00:00","dateModified":"2024-10-08T01:43:44+00:00","description":"Notre approche 1 2 3 - La solution id\u00e9ale pour retrouver votre plus beau sourire","breadcrumb":{"@id":"https:\/\/dev.drlechner.ca\/en\/appointment\/#breadcrumb"},"inLanguage":"en-US","potentialAction":[{"@type":"ReadAction","target":["https:\/\/dev.drlechner.ca\/en\/appointment\/"]}]},{"@type":"ImageObject","inLanguage":"en-US","@id":"https:\/\/dev.drlechner.ca\/en\/appointment\/#primaryimage","url":"https:\/\/dev.drlechner.ca\/wp-content\/uploads\/2024\/07\/blanchiement.jpg","contentUrl":"https:\/\/dev.drlechner.ca\/wp-content\/uploads\/2024\/07\/blanchiement.jpg"},{"@type":"BreadcrumbList","@id":"https:\/\/dev.drlechner.ca\/en\/appointment\/#breadcrumb","itemListElement":[{"@type":"ListItem","position":1,"name":"Accueil","item":"https:\/\/dev.drlechner.ca\/en\/"},{"@type":"ListItem","position":2,"name":"Make an appointment"}]},{"@type":"WebSite","@id":"https:\/\/dev.drlechner.ca\/en\/#website","url":"https:\/\/dev.drlechner.ca\/en\/","name":"Dr Lechner - Est\u00e9thique dentaire","description":"Souriez avec confiance gr\u00e2ce \u00e0 notre expertise en esth\u00e9tique dentaire","potentialAction":[{"@type":"SearchAction","target":{"@type":"EntryPoint","urlTemplate":"https:\/\/dev.drlechner.ca\/en\/?s={search_term_string}"},"query-input":{"@type":"PropertyValueSpecification","valueRequired":true,"valueName":"search_term_string"}}],"inLanguage":"en-US"}]}},"_links":{"self":[{"href":"https:\/\/dev.drlechner.ca\/en\/wp-json\/wp\/v2\/pages\/1566"}],"collection":[{"href":"https:\/\/dev.drlechner.ca\/en\/wp-json\/wp\/v2\/pages"}],"about":[{"href":"https:\/\/dev.drlechner.ca\/en\/wp-json\/wp\/v2\/types\/page"}],"author":[{"embeddable":true,"href":"https:\/\/dev.drlechner.ca\/en\/wp-json\/wp\/v2\/users\/1"}],"replies":[{"embeddable":true,"href":"https:\/\/dev.drlechner.ca\/en\/wp-json\/wp\/v2\/comments?post=1566"}],"version-history":[{"count":25,"href":"https:\/\/dev.drlechner.ca\/en\/wp-json\/wp\/v2\/pages\/1566\/revisions"}],"predecessor-version":[{"id":2045,"href":"https:\/\/dev.drlechner.ca\/en\/wp-json\/wp\/v2\/pages\/1566\/revisions\/2045"}],"wp:attachment":[{"href":"https:\/\/dev.drlechner.ca\/en\/wp-json\/wp\/v2\/media?parent=1566"}],"curies":[{"name":"wp","href":"https:\/\/api.w.org\/{rel}","templated":true}]}}